{"id":18514,"date":"2022-10-27T17:38:42","date_gmt":"2022-10-27T17:38:42","guid":{"rendered":"https:\/\/experienciascancun.com\/product\/adult-tour-only\/"},"modified":"2023-06-28T21:38:33","modified_gmt":"2023-06-28T21:38:33","slug":"tour-solo-adultos","status":"publish","type":"product","link":"https:\/\/experienciascancun.com\/es\/producto\/tour-solo-adultos\/","title":{"rendered":"Tour Solo Adultos"},"content":{"rendered":"<p><strong>INCLUYE<\/strong><\/p>\n<ul>\n<li>Gu\u00eda biling\u00fce.<\/li>\n<li>Barra libre a bordo.<\/li>\n<li>Equipo de snorkel.<\/li>\n<li>DJ en vivo en el Club de Playa.<\/li>\n<li>Almuerzo buffet y barra libre en el Club de Playa.<\/li>\n<li>Navegaci\u00f3n al atardecer<\/li>\n<\/ul>\n<p>ITINERARIO<\/p>\n<p>Salida desde Canc\u00fan a la 1:00 pm<\/p>\n<p>Llegada desde Isla Mujeres a las 7.00 pm<\/p>\n<p>PRECIO<\/p>\n<p>Adulto 1,728 MXN<\/p>\n<p>IMPUESTO DE MUELLE NO INCLUIDO\u00a0$360 MXN Precio por persona<\/p>\n<p>CARACTER\u00cdSTICAS ADICIONALES<\/p>\n<ul>\n<li>Carrito de Golf hasta 4 personas $720 MXN<\/li>\n<li>Ida y vuelta en transporte privado, especificar hotel.<\/li>\n<\/ul>\n","protected":false},"excerpt":{"rendered":"<p>PRECIO:<\/p>\n<p>$1,728 MXN\u00a0+ $360 MXN Impuesto de Muelle por persona<\/p>\n<p>Disfruta del Tour Adulto Sunsation y divi\u00e9rtete navegando con la mejor tripulaci\u00f3n en un Catamar\u00e1n de Lujo a Isla Mujeres. S\u00f3lo para adultos.<\/p>\n<p>Tour de 6 horas con barra libre, almuerzo buffet, snorkel, club de playa, despu\u00e9s del almuerzo puede decidir disfrutar del DJ en vivo en el club de playa o explorar Isla Mujeres en carrito de golf (cargo extra).<\/p>\n","protected":false},"featured_media":16813,"template":"","meta":{"_acf_changed":false},"product_brand":[],"product_cat":[409],"product_tag":[],"class_list":{"0":"post-18514","1":"product","2":"type-product","3":"status-publish","4":"has-post-thumbnail","6":"product_cat-tour-en-catamaran-de-lujo","7":"tm-has-options","9":"first","10":"instock","11":"virtual","12":"sold-individually","13":"purchasable","14":"product-type-simple"},"acf":[],"yoast_head":"<!-- This site is optimized with the Yoast SEO Premium plugin v20.10 (Yoast SEO v23.7) - https:\/\/yoast.com\/wordpress\/plugins\/seo\/ -->\n<title>Tour Solo Adultos en Canc\u00fan - Experiencias Cancun<\/title>\n<meta name=\"description\" content=\"Disfruta de un tour Solo para adultos en Canc\u00fan. Divi\u00e9rtete con la mejor tripulaci\u00f3n en un catamar\u00e1n de lujo a Isla Mujeres. Tour Adultos Sunsations.\" \/>\n<meta name=\"robots\" content=\"index, follow, max-snippet:-1, max-image-preview:large, max-video-preview:-1\" \/>\n<link rel=\"canonical\" href=\"https:\/\/experienciascancun.com\/es\/producto\/tour-solo-adultos\/\" \/>\n<meta property=\"og:locale\" content=\"es_ES\" \/>\n<meta property=\"og:type\" content=\"article\" \/>\n<meta property=\"og:title\" content=\"Tour Solo Adultos\" \/>\n<meta property=\"og:description\" content=\"Disfruta de un tour Solo para adultos en Canc\u00fan. Divi\u00e9rtete con la mejor tripulaci\u00f3n en un catamar\u00e1n de lujo a Isla Mujeres. Tour Adultos Sunsations.\" \/>\n<meta property=\"og:url\" content=\"https:\/\/experienciascancun.com\/es\/producto\/tour-solo-adultos\/\" \/>\n<meta property=\"og:site_name\" content=\"Experiencias Cancun\" \/>\n<meta property=\"article:publisher\" content=\"https:\/\/web.facebook.com\/catamaranexperiencecancun\" \/>\n<meta property=\"article:modified_time\" content=\"2023-06-28T21:38:33+00:00\" \/>\n<meta property=\"og:image\" content=\"https:\/\/experienciascancun.com\/wp-content\/uploads\/2022\/10\/Boat-Party-Cancun-private-fiesta.jpeg\" \/>\n\t<meta property=\"og:image:width\" content=\"1920\" \/>\n\t<meta property=\"og:image:height\" content=\"1280\" \/>\n\t<meta property=\"og:image:type\" content=\"image\/jpeg\" \/>\n<meta name=\"twitter:card\" content=\"summary_large_image\" \/>\n<meta name=\"twitter:label1\" content=\"Precio\" \/>\n\t<meta name=\"twitter:data1\" content=\"&#036;1,896.00\" \/>\n\t<meta name=\"twitter:label2\" content=\"Disponibilidad\" \/>\n\t<meta name=\"twitter:data2\" content=\"Disponible\" \/>\n<script type=\"application\/ld+json\" class=\"yoast-schema-graph\">{\"@context\":\"https:\/\/schema.org\",\"@graph\":[{\"@type\":\"WebPage\",\"@id\":\"https:\/\/experienciascancun.com\/es\/producto\/tour-solo-adultos\/\",\"url\":\"https:\/\/experienciascancun.com\/es\/producto\/tour-solo-adultos\/\",\"name\":\"Tour Solo Adultos en Canc\u00fan - Experiencias Cancun\",\"isPartOf\":{\"@id\":\"https:\/\/experienciascancun.com\/es\/#website\"},\"primaryImageOfPage\":{\"@id\":\"https:\/\/experienciascancun.com\/es\/producto\/tour-solo-adultos\/#primaryimage\"},\"image\":{\"@id\":\"https:\/\/experienciascancun.com\/es\/producto\/tour-solo-adultos\/#primaryimage\"},\"thumbnailUrl\":\"https:\/\/experienciascancun.com\/wp-content\/uploads\/2022\/10\/Boat-Party-Cancun-private-fiesta.jpeg\",\"datePublished\":\"2022-10-27T17:38:42+00:00\",\"dateModified\":\"2023-06-28T21:38:33+00:00\",\"description\":\"Disfruta de un tour Solo para adultos en Canc\u00fan. Divi\u00e9rtete con la mejor tripulaci\u00f3n en un catamar\u00e1n de lujo a Isla Mujeres. Tour Adultos Sunsations.\",\"breadcrumb\":{\"@id\":\"https:\/\/experienciascancun.com\/es\/producto\/tour-solo-adultos\/#breadcrumb\"},\"inLanguage\":\"es\",\"potentialAction\":[{\"@type\":\"ReadAction\",\"target\":[\"https:\/\/experienciascancun.com\/es\/producto\/tour-solo-adultos\/\"]}]},{\"@type\":\"ImageObject\",\"inLanguage\":\"es\",\"@id\":\"https:\/\/experienciascancun.com\/es\/producto\/tour-solo-adultos\/#primaryimage\",\"url\":\"https:\/\/experienciascancun.com\/wp-content\/uploads\/2022\/10\/Boat-Party-Cancun-private-fiesta.jpeg\",\"contentUrl\":\"https:\/\/experienciascancun.com\/wp-content\/uploads\/2022\/10\/Boat-Party-Cancun-private-fiesta.jpeg\",\"width\":1920,\"height\":1280},{\"@type\":\"BreadcrumbList\",\"@id\":\"https:\/\/experienciascancun.com\/es\/producto\/tour-solo-adultos\/#breadcrumb\",\"itemListElement\":[{\"@type\":\"ListItem\",\"position\":1,\"name\":\"Home\",\"item\":\"https:\/\/experienciascancun.com\/es\/\"},{\"@type\":\"ListItem\",\"position\":2,\"name\":\"Tienda\",\"item\":\"https:\/\/experienciascancun.com\/es\/tienda\/\"},{\"@type\":\"ListItem\",\"position\":3,\"name\":\"Tour Solo Adultos\"}]},{\"@type\":\"WebSite\",\"@id\":\"https:\/\/experienciascancun.com\/es\/#website\",\"url\":\"https:\/\/experienciascancun.com\/es\/\",\"name\":\"Experiencias Cancun\",\"description\":\"Private Yacht Rentals \/ Catamaran Tours\",\"publisher\":{\"@id\":\"https:\/\/experienciascancun.com\/es\/#organization\"},\"potentialAction\":[{\"@type\":\"SearchAction\",\"target\":{\"@type\":\"EntryPoint\",\"urlTemplate\":\"https:\/\/experienciascancun.com\/es\/?s={search_term_string}\"},\"query-input\":{\"@type\":\"PropertyValueSpecification\",\"valueRequired\":true,\"valueName\":\"search_term_string\"}}],\"inLanguage\":\"es\"},{\"@type\":\"Organization\",\"@id\":\"https:\/\/experienciascancun.com\/es\/#organization\",\"name\":\"Experiencias Cancun\",\"url\":\"https:\/\/experienciascancun.com\/es\/\",\"logo\":{\"@type\":\"ImageObject\",\"inLanguage\":\"es\",\"@id\":\"https:\/\/experienciascancun.com\/es\/#\/schema\/logo\/image\/\",\"url\":\"https:\/\/experienciascancun.com\/wp-content\/uploads\/2020\/03\/Logo-Ancla-Experiencias-Cancun.png\",\"contentUrl\":\"https:\/\/experienciascancun.com\/wp-content\/uploads\/2020\/03\/Logo-Ancla-Experiencias-Cancun.png\",\"width\":429,\"height\":80,\"caption\":\"Experiencias Cancun\"},\"image\":{\"@id\":\"https:\/\/experienciascancun.com\/es\/#\/schema\/logo\/image\/\"},\"sameAs\":[\"https:\/\/web.facebook.com\/catamaranexperiencecancun\",\"https:\/\/www.instagram.com\/cancun_experiencias\/\",\"https:\/\/www.youtube.com\/c\/CancunCatamaranes\/videos\"]}]}<\/script>\n<meta property=\"product:price:amount\" content=\"1896.00\" \/>\n<meta property=\"product:price:currency\" content=\"MXN\" \/>\n<meta property=\"og:availability\" content=\"instock\" \/>\n<meta property=\"product:availability\" content=\"instock\" \/>\n<meta property=\"product:condition\" content=\"new\" \/>\n<!-- \/ Yoast SEO Premium plugin. -->","yoast_head_json":{"title":"Tour Solo Adultos en Canc\u00fan - Experiencias Cancun","description":"Disfruta de un tour Solo para adultos en Canc\u00fan. Divi\u00e9rtete con la mejor tripulaci\u00f3n en un catamar\u00e1n de lujo a Isla Mujeres. Tour Adultos Sunsations.","robots":{"index":"index","follow":"follow","max-snippet":"max-snippet:-1","max-image-preview":"max-image-preview:large","max-video-preview":"max-video-preview:-1"},"canonical":"https:\/\/experienciascancun.com\/es\/producto\/tour-solo-adultos\/","og_locale":"es_ES","og_type":"article","og_title":"Tour Solo Adultos","og_description":"Disfruta de un tour Solo para adultos en Canc\u00fan. Divi\u00e9rtete con la mejor tripulaci\u00f3n en un catamar\u00e1n de lujo a Isla Mujeres. Tour Adultos Sunsations.","og_url":"https:\/\/experienciascancun.com\/es\/producto\/tour-solo-adultos\/","og_site_name":"Experiencias Cancun","article_publisher":"https:\/\/web.facebook.com\/catamaranexperiencecancun","article_modified_time":"2023-06-28T21:38:33+00:00","og_image":[{"width":1920,"height":1280,"url":"https:\/\/experienciascancun.com\/wp-content\/uploads\/2022\/10\/Boat-Party-Cancun-private-fiesta.jpeg","type":"image\/jpeg"}],"twitter_card":"summary_large_image","twitter_misc":{"Precio":"&#36;1,896.00","Disponibilidad":"Disponible"},"schema":{"@context":"https:\/\/schema.org","@graph":[{"@type":"WebPage","@id":"https:\/\/experienciascancun.com\/es\/producto\/tour-solo-adultos\/","url":"https:\/\/experienciascancun.com\/es\/producto\/tour-solo-adultos\/","name":"Tour Solo Adultos en Canc\u00fan - Experiencias Cancun","isPartOf":{"@id":"https:\/\/experienciascancun.com\/es\/#website"},"primaryImageOfPage":{"@id":"https:\/\/experienciascancun.com\/es\/producto\/tour-solo-adultos\/#primaryimage"},"image":{"@id":"https:\/\/experienciascancun.com\/es\/producto\/tour-solo-adultos\/#primaryimage"},"thumbnailUrl":"https:\/\/experienciascancun.com\/wp-content\/uploads\/2022\/10\/Boat-Party-Cancun-private-fiesta.jpeg","datePublished":"2022-10-27T17:38:42+00:00","dateModified":"2023-06-28T21:38:33+00:00","description":"Disfruta de un tour Solo para adultos en Canc\u00fan. Divi\u00e9rtete con la mejor tripulaci\u00f3n en un catamar\u00e1n de lujo a Isla Mujeres. Tour Adultos Sunsations.","breadcrumb":{"@id":"https:\/\/experienciascancun.com\/es\/producto\/tour-solo-adultos\/#breadcrumb"},"inLanguage":"es","potentialAction":[{"@type":"ReadAction","target":["https:\/\/experienciascancun.com\/es\/producto\/tour-solo-adultos\/"]}]},{"@type":"ImageObject","inLanguage":"es","@id":"https:\/\/experienciascancun.com\/es\/producto\/tour-solo-adultos\/#primaryimage","url":"https:\/\/experienciascancun.com\/wp-content\/uploads\/2022\/10\/Boat-Party-Cancun-private-fiesta.jpeg","contentUrl":"https:\/\/experienciascancun.com\/wp-content\/uploads\/2022\/10\/Boat-Party-Cancun-private-fiesta.jpeg","width":1920,"height":1280},{"@type":"BreadcrumbList","@id":"https:\/\/experienciascancun.com\/es\/producto\/tour-solo-adultos\/#breadcrumb","itemListElement":[{"@type":"ListItem","position":1,"name":"Home","item":"https:\/\/experienciascancun.com\/es\/"},{"@type":"ListItem","position":2,"name":"Tienda","item":"https:\/\/experienciascancun.com\/es\/tienda\/"},{"@type":"ListItem","position":3,"name":"Tour Solo Adultos"}]},{"@type":"WebSite","@id":"https:\/\/experienciascancun.com\/es\/#website","url":"https:\/\/experienciascancun.com\/es\/","name":"Experiencias Cancun","description":"Private Yacht Rentals \/ Catamaran Tours","publisher":{"@id":"https:\/\/experienciascancun.com\/es\/#organization"},"potentialAction":[{"@type":"SearchAction","target":{"@type":"EntryPoint","urlTemplate":"https:\/\/experienciascancun.com\/es\/?s={search_term_string}"},"query-input":{"@type":"PropertyValueSpecification","valueRequired":true,"valueName":"search_term_string"}}],"inLanguage":"es"},{"@type":"Organization","@id":"https:\/\/experienciascancun.com\/es\/#organization","name":"Experiencias Cancun","url":"https:\/\/experienciascancun.com\/es\/","logo":{"@type":"ImageObject","inLanguage":"es","@id":"https:\/\/experienciascancun.com\/es\/#\/schema\/logo\/image\/","url":"https:\/\/experienciascancun.com\/wp-content\/uploads\/2020\/03\/Logo-Ancla-Experiencias-Cancun.png","contentUrl":"https:\/\/experienciascancun.com\/wp-content\/uploads\/2020\/03\/Logo-Ancla-Experiencias-Cancun.png","width":429,"height":80,"caption":"Experiencias Cancun"},"image":{"@id":"https:\/\/experienciascancun.com\/es\/#\/schema\/logo\/image\/"},"sameAs":["https:\/\/web.facebook.com\/catamaranexperiencecancun","https:\/\/www.instagram.com\/cancun_experiencias\/","https:\/\/www.youtube.com\/c\/CancunCatamaranes\/videos"]}]},"product_price_amount":"1896.00","product_price_currency":"MXN","og_availability":"instock","product_availability":"instock","product_condition":"new"},"_links":{"self":[{"href":"https:\/\/experienciascancun.com\/es\/wp-json\/wp\/v2\/product\/18514","targetHints":{"allow":["GET"]}}],"collection":[{"href":"https:\/\/experienciascancun.com\/es\/wp-json\/wp\/v2\/product"}],"about":[{"href":"https:\/\/experienciascancun.com\/es\/wp-json\/wp\/v2\/types\/product"}],"version-history":[{"count":0,"href":"https:\/\/experienciascancun.com\/es\/wp-json\/wp\/v2\/product\/18514\/revisions"}],"wp:featuredmedia":[{"embeddable":true,"href":"https:\/\/experienciascancun.com\/es\/wp-json\/wp\/v2\/media\/16813"}],"wp:attachment":[{"href":"https:\/\/experienciascancun.com\/es\/wp-json\/wp\/v2\/media?parent=18514"}],"wp:term":[{"taxonomy":"product_brand","embeddable":true,"href":"https:\/\/experienciascancun.com\/es\/wp-json\/wp\/v2\/product_brand?post=18514"},{"taxonomy":"product_cat","embeddable":true,"href":"https:\/\/experienciascancun.com\/es\/wp-json\/wp\/v2\/product_cat?post=18514"},{"taxonomy":"product_tag","embeddable":true,"href":"https:\/\/experienciascancun.com\/es\/wp-json\/wp\/v2\/product_tag?post=18514"}],"curies":[{"name":"wp","href":"https:\/\/api.w.org\/{rel}","templated":true}]}}