{"id":18511,"date":"2022-12-06T11:13:41","date_gmt":"2022-12-06T11:13:41","guid":{"rendered":"https:\/\/experienciascancun.com\/product\/tour-isla-mujeres\/"},"modified":"2023-06-28T21:37:38","modified_gmt":"2023-06-28T21:37:38","slug":"tour-a-isla-mujeres","status":"publish","type":"product","link":"https:\/\/experienciascancun.com\/es\/producto\/tour-a-isla-mujeres\/","title":{"rendered":"Tour Regular a Isla Mujeres"},"content":{"rendered":"\t\t<div data-elementor-type=\"product-post\" data-elementor-id=\"18511\" class=\"elementor elementor-18511 elementor-17172\" data-elementor-post-type=\"product\">\n\t\t\t\t\t\t<section class=\"elementor-section elementor-top-section elementor-element elementor-element-35eb5d74 elementor-section-boxed elementor-section-height-default elementor-section-height-default\" data-id=\"35eb5d74\" data-element_type=\"section\" data-settings=\"{&quot;jet_parallax_layout_list&quot;:[]}\">\n\t\t\t\t\t\t<div class=\"elementor-container elementor-column-gap-default\">\n\t\t\t\t\t<div class=\"elementor-column elementor-col-100 elementor-top-column elementor-element elementor-element-752989a8\" data-id=\"752989a8\" data-element_type=\"column\">\n\t\t\t<div class=\"elementor-widget-wrap elementor-element-populated\">\n\t\t\t\t\t\t<div class=\"elementor-element elementor-element-297a3035 elementor-widget elementor-widget-text-editor\" data-id=\"297a3035\" data-element_type=\"widget\" data-widget_type=\"text-editor.default\">\n\t\t\t\t<div class=\"elementor-widget-container\">\n\t\t\t\t\t\t\t\t\t<p>INCLUYE<\/p><ul><li>Gu\u00eda biling\u00fce.<\/li><li>Barra libre a bordo.<\/li><li>Equipo de snorkel.<\/li><li>Club de playa.<\/li><li>Almuerzo Buffet y barra libre en Beach Club.<\/li><li>Visita al centro de Isla Mujeres y tiempo libre.<\/li><li>Spinnaker si el tiempo lo permite.<\/li><\/ul><p>HORARIO\u00a0<\/p><p>Salida desde Canc\u00fan a las 10:00 AM y 12 PM.<\/p><p>Llegada desde Isla Mujeres a las 17:00 y 19:00 horas respectivamente.<\/p><p>PRECIO<\/p><p>Adulto 1,242 MXN<br \/>Ni\u00f1o 882 MXN<\/p><p>IMPUESTO DE MUELLE NO INCLUIDO<\/p><p>Precio por persona $360 MXN (a partir de 5 a\u00f1os)<\/p><p>CARACTER\u00cdSTICAS ADICIONALES<\/p><ul><li>Transportaci\u00f3n redonda en mini bus compartido en Canc\u00fan $180 MXN por persona.<\/li><li>Transportaci\u00f3n Redonda a Playa del Carmen $270 MXN por persona.<\/li><li>Transportaci\u00f3n Redonda a la Riviera Maya $360 MXN.<\/li><li>Ida y vuelta en transporte privado.<\/li><\/ul>\t\t\t\t\t\t\t\t<\/div>\n\t\t\t\t<\/div>\n\t\t\t\t\t<\/div>\n\t\t<\/div>\n\t\t\t\t\t<\/div>\n\t\t<\/section>\n\t\t\t\t<\/div>\n\t\t","protected":false},"excerpt":{"rendered":"<p>PRECIO<\/p>\n<p>Adulto $1,242 MXN (mayores de 11 a\u00f1os)<br \/>\nNi\u00f1o $882 MXN (ni\u00f1os hasta 10 a\u00f1os)<\/p>\n<p>Impuesto de Muelle $360 MXN por persona NO INCLUIDO.<\/p>\n<p>Ni\u00f1os hasta 4 a\u00f1os no pagan impuestos.<\/p>\n<p>Disfruta de un d\u00eda de navegaci\u00f3n a bordo de un catamar\u00e1n a Isla Mujeres. Tour de 7 horas con Barra Libre, Almuerzo Buffet, Snorkel en el arrecife, Club de Playa y Visita al centro de Isla Mujeres.<\/p>\n","protected":false},"featured_media":7771,"template":"","meta":{"_acf_changed":false},"product_brand":[],"product_cat":[410],"product_tag":[],"class_list":{"0":"post-18511","1":"product","2":"type-product","3":"status-publish","4":"has-post-thumbnail","6":"product_cat-tour-en-catamaran-compartido","7":"tm-has-options","9":"first","10":"instock","11":"virtual","12":"sold-individually","13":"purchasable","14":"product-type-simple"},"acf":[],"yoast_head":"<!-- This site is optimized with the Yoast SEO Premium plugin v20.10 (Yoast SEO v23.7) - https:\/\/yoast.com\/wordpress\/plugins\/seo\/ -->\n<title>Reserva Tour Regular a Isla Mujeres en Catamaran - Experiencias Cancun<\/title>\n<meta name=\"description\" content=\"Disfruta del tour en catamar\u00e1n a Isla Mujeres, la m\u00e1s hermosa isla del Caribe con todo incluido. Haz snorkel en el arrecife y camina sus coloridas calles.\" \/>\n<meta name=\"robots\" content=\"index, follow, max-snippet:-1, max-image-preview:large, max-video-preview:-1\" \/>\n<link rel=\"canonical\" href=\"https:\/\/experienciascancun.com\/es\/producto\/tour-a-isla-mujeres\/\" \/>\n<meta property=\"og:locale\" content=\"es_ES\" \/>\n<meta property=\"og:type\" content=\"article\" \/>\n<meta property=\"og:title\" content=\"Tour Regular a Isla Mujeres\" \/>\n<meta property=\"og:description\" content=\"Disfruta del tour en catamar\u00e1n a Isla Mujeres, la m\u00e1s hermosa isla del Caribe con todo incluido. Haz snorkel en el arrecife y camina sus coloridas calles.\" \/>\n<meta property=\"og:url\" content=\"https:\/\/experienciascancun.com\/es\/producto\/tour-a-isla-mujeres\/\" \/>\n<meta property=\"og:site_name\" content=\"Experiencias Cancun\" \/>\n<meta property=\"article:publisher\" content=\"https:\/\/web.facebook.com\/catamaranexperiencecancun\" \/>\n<meta property=\"article:modified_time\" content=\"2023-06-28T21:37:38+00:00\" \/>\n<meta property=\"og:image\" content=\"https:\/\/experienciascancun.com\/wp-content\/uploads\/2020\/04\/Catamaran-Sea-Passion-party.jpg\" \/>\n\t<meta property=\"og:image:width\" content=\"1200\" \/>\n\t<meta property=\"og:image:height\" content=\"800\" \/>\n\t<meta property=\"og:image:type\" content=\"image\/jpeg\" \/>\n<meta name=\"twitter:card\" content=\"summary_large_image\" \/>\n<meta name=\"twitter:label1\" content=\"Precio\" \/>\n\t<meta name=\"twitter:data1\" content=\"&#036;1,362.75\" \/>\n\t<meta name=\"twitter:label2\" content=\"Disponibilidad\" \/>\n\t<meta name=\"twitter:data2\" content=\"Disponible\" \/>\n<script type=\"application\/ld+json\" class=\"yoast-schema-graph\">{\"@context\":\"https:\/\/schema.org\",\"@graph\":[{\"@type\":\"WebPage\",\"@id\":\"https:\/\/experienciascancun.com\/es\/producto\/tour-a-isla-mujeres\/\",\"url\":\"https:\/\/experienciascancun.com\/es\/producto\/tour-a-isla-mujeres\/\",\"name\":\"Reserva Tour Regular a Isla Mujeres en Catamaran - Experiencias Cancun\",\"isPartOf\":{\"@id\":\"https:\/\/experienciascancun.com\/es\/#website\"},\"primaryImageOfPage\":{\"@id\":\"https:\/\/experienciascancun.com\/es\/producto\/tour-a-isla-mujeres\/#primaryimage\"},\"image\":{\"@id\":\"https:\/\/experienciascancun.com\/es\/producto\/tour-a-isla-mujeres\/#primaryimage\"},\"thumbnailUrl\":\"https:\/\/experienciascancun.com\/wp-content\/uploads\/2020\/04\/Catamaran-Sea-Passion-party.jpg\",\"datePublished\":\"2022-12-06T11:13:41+00:00\",\"dateModified\":\"2023-06-28T21:37:38+00:00\",\"description\":\"Disfruta del tour en catamar\u00e1n a Isla Mujeres, la m\u00e1s hermosa isla del Caribe con todo incluido. Haz snorkel en el arrecife y camina sus coloridas calles.\",\"breadcrumb\":{\"@id\":\"https:\/\/experienciascancun.com\/es\/producto\/tour-a-isla-mujeres\/#breadcrumb\"},\"inLanguage\":\"es\",\"potentialAction\":[{\"@type\":\"ReadAction\",\"target\":[\"https:\/\/experienciascancun.com\/es\/producto\/tour-a-isla-mujeres\/\"]}]},{\"@type\":\"ImageObject\",\"inLanguage\":\"es\",\"@id\":\"https:\/\/experienciascancun.com\/es\/producto\/tour-a-isla-mujeres\/#primaryimage\",\"url\":\"https:\/\/experienciascancun.com\/wp-content\/uploads\/2020\/04\/Catamaran-Sea-Passion-party.jpg\",\"contentUrl\":\"https:\/\/experienciascancun.com\/wp-content\/uploads\/2020\/04\/Catamaran-Sea-Passion-party.jpg\",\"width\":1200,\"height\":800},{\"@type\":\"BreadcrumbList\",\"@id\":\"https:\/\/experienciascancun.com\/es\/producto\/tour-a-isla-mujeres\/#breadcrumb\",\"itemListElement\":[{\"@type\":\"ListItem\",\"position\":1,\"name\":\"Home\",\"item\":\"https:\/\/experienciascancun.com\/es\/\"},{\"@type\":\"ListItem\",\"position\":2,\"name\":\"Tienda\",\"item\":\"https:\/\/experienciascancun.com\/es\/tienda\/\"},{\"@type\":\"ListItem\",\"position\":3,\"name\":\"Tour Regular a Isla Mujeres\"}]},{\"@type\":\"WebSite\",\"@id\":\"https:\/\/experienciascancun.com\/es\/#website\",\"url\":\"https:\/\/experienciascancun.com\/es\/\",\"name\":\"Experiencias Cancun\",\"description\":\"Private Yacht Rentals \/ Catamaran Tours\",\"publisher\":{\"@id\":\"https:\/\/experienciascancun.com\/es\/#organization\"},\"potentialAction\":[{\"@type\":\"SearchAction\",\"target\":{\"@type\":\"EntryPoint\",\"urlTemplate\":\"https:\/\/experienciascancun.com\/es\/?s={search_term_string}\"},\"query-input\":{\"@type\":\"PropertyValueSpecification\",\"valueRequired\":true,\"valueName\":\"search_term_string\"}}],\"inLanguage\":\"es\"},{\"@type\":\"Organization\",\"@id\":\"https:\/\/experienciascancun.com\/es\/#organization\",\"name\":\"Experiencias Cancun\",\"url\":\"https:\/\/experienciascancun.com\/es\/\",\"logo\":{\"@type\":\"ImageObject\",\"inLanguage\":\"es\",\"@id\":\"https:\/\/experienciascancun.com\/es\/#\/schema\/logo\/image\/\",\"url\":\"https:\/\/experienciascancun.com\/wp-content\/uploads\/2020\/03\/Logo-Ancla-Experiencias-Cancun.png\",\"contentUrl\":\"https:\/\/experienciascancun.com\/wp-content\/uploads\/2020\/03\/Logo-Ancla-Experiencias-Cancun.png\",\"width\":429,\"height\":80,\"caption\":\"Experiencias Cancun\"},\"image\":{\"@id\":\"https:\/\/experienciascancun.com\/es\/#\/schema\/logo\/image\/\"},\"sameAs\":[\"https:\/\/web.facebook.com\/catamaranexperiencecancun\",\"https:\/\/www.instagram.com\/cancun_experiencias\/\",\"https:\/\/www.youtube.com\/c\/CancunCatamaranes\/videos\"]}]}<\/script>\n<meta property=\"product:price:amount\" content=\"1362.75\" \/>\n<meta property=\"product:price:currency\" content=\"MXN\" \/>\n<meta property=\"og:availability\" content=\"instock\" \/>\n<meta property=\"product:availability\" content=\"instock\" \/>\n<meta property=\"product:condition\" content=\"new\" \/>\n<!-- \/ Yoast SEO Premium plugin. -->","yoast_head_json":{"title":"Reserva Tour Regular a Isla Mujeres en Catamaran - Experiencias Cancun","description":"Disfruta del tour en catamar\u00e1n a Isla Mujeres, la m\u00e1s hermosa isla del Caribe con todo incluido. Haz snorkel en el arrecife y camina sus coloridas calles.","robots":{"index":"index","follow":"follow","max-snippet":"max-snippet:-1","max-image-preview":"max-image-preview:large","max-video-preview":"max-video-preview:-1"},"canonical":"https:\/\/experienciascancun.com\/es\/producto\/tour-a-isla-mujeres\/","og_locale":"es_ES","og_type":"article","og_title":"Tour Regular a Isla Mujeres","og_description":"Disfruta del tour en catamar\u00e1n a Isla Mujeres, la m\u00e1s hermosa isla del Caribe con todo incluido. Haz snorkel en el arrecife y camina sus coloridas calles.","og_url":"https:\/\/experienciascancun.com\/es\/producto\/tour-a-isla-mujeres\/","og_site_name":"Experiencias Cancun","article_publisher":"https:\/\/web.facebook.com\/catamaranexperiencecancun","article_modified_time":"2023-06-28T21:37:38+00:00","og_image":[{"width":1200,"height":800,"url":"https:\/\/experienciascancun.com\/wp-content\/uploads\/2020\/04\/Catamaran-Sea-Passion-party.jpg","type":"image\/jpeg"}],"twitter_card":"summary_large_image","twitter_misc":{"Precio":"&#36;1,362.75","Disponibilidad":"Disponible"},"schema":{"@context":"https:\/\/schema.org","@graph":[{"@type":"WebPage","@id":"https:\/\/experienciascancun.com\/es\/producto\/tour-a-isla-mujeres\/","url":"https:\/\/experienciascancun.com\/es\/producto\/tour-a-isla-mujeres\/","name":"Reserva Tour Regular a Isla Mujeres en Catamaran - Experiencias Cancun","isPartOf":{"@id":"https:\/\/experienciascancun.com\/es\/#website"},"primaryImageOfPage":{"@id":"https:\/\/experienciascancun.com\/es\/producto\/tour-a-isla-mujeres\/#primaryimage"},"image":{"@id":"https:\/\/experienciascancun.com\/es\/producto\/tour-a-isla-mujeres\/#primaryimage"},"thumbnailUrl":"https:\/\/experienciascancun.com\/wp-content\/uploads\/2020\/04\/Catamaran-Sea-Passion-party.jpg","datePublished":"2022-12-06T11:13:41+00:00","dateModified":"2023-06-28T21:37:38+00:00","description":"Disfruta del tour en catamar\u00e1n a Isla Mujeres, la m\u00e1s hermosa isla del Caribe con todo incluido. Haz snorkel en el arrecife y camina sus coloridas calles.","breadcrumb":{"@id":"https:\/\/experienciascancun.com\/es\/producto\/tour-a-isla-mujeres\/#breadcrumb"},"inLanguage":"es","potentialAction":[{"@type":"ReadAction","target":["https:\/\/experienciascancun.com\/es\/producto\/tour-a-isla-mujeres\/"]}]},{"@type":"ImageObject","inLanguage":"es","@id":"https:\/\/experienciascancun.com\/es\/producto\/tour-a-isla-mujeres\/#primaryimage","url":"https:\/\/experienciascancun.com\/wp-content\/uploads\/2020\/04\/Catamaran-Sea-Passion-party.jpg","contentUrl":"https:\/\/experienciascancun.com\/wp-content\/uploads\/2020\/04\/Catamaran-Sea-Passion-party.jpg","width":1200,"height":800},{"@type":"BreadcrumbList","@id":"https:\/\/experienciascancun.com\/es\/producto\/tour-a-isla-mujeres\/#breadcrumb","itemListElement":[{"@type":"ListItem","position":1,"name":"Home","item":"https:\/\/experienciascancun.com\/es\/"},{"@type":"ListItem","position":2,"name":"Tienda","item":"https:\/\/experienciascancun.com\/es\/tienda\/"},{"@type":"ListItem","position":3,"name":"Tour Regular a Isla Mujeres"}]},{"@type":"WebSite","@id":"https:\/\/experienciascancun.com\/es\/#website","url":"https:\/\/experienciascancun.com\/es\/","name":"Experiencias Cancun","description":"Private Yacht Rentals \/ Catamaran Tours","publisher":{"@id":"https:\/\/experienciascancun.com\/es\/#organization"},"potentialAction":[{"@type":"SearchAction","target":{"@type":"EntryPoint","urlTemplate":"https:\/\/experienciascancun.com\/es\/?s={search_term_string}"},"query-input":{"@type":"PropertyValueSpecification","valueRequired":true,"valueName":"search_term_string"}}],"inLanguage":"es"},{"@type":"Organization","@id":"https:\/\/experienciascancun.com\/es\/#organization","name":"Experiencias Cancun","url":"https:\/\/experienciascancun.com\/es\/","logo":{"@type":"ImageObject","inLanguage":"es","@id":"https:\/\/experienciascancun.com\/es\/#\/schema\/logo\/image\/","url":"https:\/\/experienciascancun.com\/wp-content\/uploads\/2020\/03\/Logo-Ancla-Experiencias-Cancun.png","contentUrl":"https:\/\/experienciascancun.com\/wp-content\/uploads\/2020\/03\/Logo-Ancla-Experiencias-Cancun.png","width":429,"height":80,"caption":"Experiencias Cancun"},"image":{"@id":"https:\/\/experienciascancun.com\/es\/#\/schema\/logo\/image\/"},"sameAs":["https:\/\/web.facebook.com\/catamaranexperiencecancun","https:\/\/www.instagram.com\/cancun_experiencias\/","https:\/\/www.youtube.com\/c\/CancunCatamaranes\/videos"]}]},"product_price_amount":"1362.75","product_price_currency":"MXN","og_availability":"instock","product_availability":"instock","product_condition":"new"},"_links":{"self":[{"href":"https:\/\/experienciascancun.com\/es\/wp-json\/wp\/v2\/product\/18511","targetHints":{"allow":["GET"]}}],"collection":[{"href":"https:\/\/experienciascancun.com\/es\/wp-json\/wp\/v2\/product"}],"about":[{"href":"https:\/\/experienciascancun.com\/es\/wp-json\/wp\/v2\/types\/product"}],"version-history":[{"count":0,"href":"https:\/\/experienciascancun.com\/es\/wp-json\/wp\/v2\/product\/18511\/revisions"}],"wp:featuredmedia":[{"embeddable":true,"href":"https:\/\/experienciascancun.com\/es\/wp-json\/wp\/v2\/media\/7771"}],"wp:attachment":[{"href":"https:\/\/experienciascancun.com\/es\/wp-json\/wp\/v2\/media?parent=18511"}],"wp:term":[{"taxonomy":"product_brand","embeddable":true,"href":"https:\/\/experienciascancun.com\/es\/wp-json\/wp\/v2\/product_brand?post=18511"},{"taxonomy":"product_cat","embeddable":true,"href":"https:\/\/experienciascancun.com\/es\/wp-json\/wp\/v2\/product_cat?post=18511"},{"taxonomy":"product_tag","embeddable":true,"href":"https:\/\/experienciascancun.com\/es\/wp-json\/wp\/v2\/product_tag?post=18511"}],"curies":[{"name":"wp","href":"https:\/\/api.w.org\/{rel}","templated":true}]}}