{"id":18508,"date":"2022-12-06T13:59:25","date_gmt":"2022-12-06T13:59:25","guid":{"rendered":"https:\/\/experienciascancun.com\/product\/privilege-tour\/"},"modified":"2023-12-26T18:34:48","modified_gmt":"2023-12-26T18:34:48","slug":"tour-privilegio","status":"publish","type":"product","link":"https:\/\/experienciascancun.com\/es\/producto\/tour-privilegio\/","title":{"rendered":"Tour Privilege"},"content":{"rendered":"<p>INCLUYE<\/p>\n<ul>\n<li>Catamaran de lujo para 25 a 30 personas m\u00e1ximo.<\/li>\n<li>Registro Express.<\/li>\n<li>Gu\u00eda biling\u00fce.<\/li>\n<li>Barra libre Privilege a bordo.<\/li>\n<li>Toallas<\/li>\n<li>Fruta fresca y pan dulce a bordo.<\/li>\n<li>Equipo de esn\u00f3rquel.<\/li>\n<li>Club de Playa en Playa Norte.<\/li>\n<li>Almuerzo Buffet y Barra Libre en Club de Playa.<\/li>\n<li>Visita al centro de Isla Mujeres y tiempo libre de 2 horas y 30 minutos.<\/li>\n<\/ul>\n<p>ITINERARIO<\/p>\n<p>Salida desde Canc\u00fan a las 10:00 AM y a las 12:00 PM.<br \/>\nLlegada desde Isla Mujeres a las 5:00 PM y 7:00 PM<br \/>\nMarina Xtabay, Puerto Ju\u00e1rez.<\/p>\n<p>PRECIO MXN<\/p>\n<p>Adulto $2,160MXN<br \/>\nNi\u00f1o $1,422 MXN<\/p>\n<p>$360 MXN \u00a0IMPUESTO DE MUELLE\u00a0Precio por persona \u00a0NO INCLUIDO\u00a0(a partir de 5 a\u00f1os)<\/p>\n","protected":false},"excerpt":{"rendered":"<p>PRECIO MXN<\/p>\n<p>Adulto $2,160 MXN (mayores de 11 a\u00f1os)<\/p>\n<p>Ni\u00f1o $1,422 MXN (ni\u00f1os hasta 10 a\u00f1os)<\/p>\n<p>$360 MXN Impuesto de Muelle por persona NO INCLUIDO.<\/p>\n<p>Ni\u00f1os hasta 4 a\u00f1os no pagan impuestos<\/p>\n<p>Vive una experiencia diferente a bordo de un exclusivo y lujoso catamar\u00e1n en Canc\u00fan. Navegue a Isla Mujeres con las comodidades de nuestros barcos m\u00e1s lujosos.<\/p>\n<p>Disfruta de una\u00a0experiencia\u00a0VIP\u00a0con Bebidas Premium, Snack, Toallas y Club de Playa en la hermosa \u00abPlaya Norte\u00bb. Tour de 7 horas.<\/p>\n","protected":false},"featured_media":12833,"template":"","meta":{"_acf_changed":false},"product_brand":[],"product_cat":[409],"product_tag":[421],"class_list":{"0":"post-18508","1":"product","2":"type-product","3":"status-publish","4":"has-post-thumbnail","6":"product_cat-tour-en-catamaran-de-lujo","7":"product_tag-tour-privilegio-es","8":"tm-has-options","10":"first","11":"instock","12":"virtual","13":"sold-individually","14":"purchasable","15":"product-type-simple"},"acf":[],"yoast_head":"<!-- This site is optimized with the Yoast SEO Premium plugin v20.10 (Yoast SEO v23.7) - https:\/\/yoast.com\/wordpress\/plugins\/seo\/ -->\n<title>Tour Privilege a Isla Mujeres - Experiencias Cancun<\/title>\n<meta name=\"description\" content=\"Navega a Isla Mujeres con las comodidades de un catamaran de lujo. Una experiencia extraordinaria con Bebidas Premium, Snack y toallas. Tour Isla Mujeres\" \/>\n<meta name=\"robots\" content=\"index, follow, max-snippet:-1, max-image-preview:large, max-video-preview:-1\" \/>\n<link rel=\"canonical\" href=\"https:\/\/experienciascancun.com\/es\/producto\/tour-privilegio\/\" \/>\n<meta property=\"og:locale\" content=\"es_ES\" \/>\n<meta property=\"og:type\" content=\"article\" \/>\n<meta property=\"og:title\" content=\"Tour Privilege\" \/>\n<meta property=\"og:description\" content=\"Navega a Isla Mujeres con las comodidades de un catamaran de lujo. Una experiencia extraordinaria con Bebidas Premium, Snack y toallas. Tour Isla Mujeres\" \/>\n<meta property=\"og:url\" content=\"https:\/\/experienciascancun.com\/es\/producto\/tour-privilegio\/\" \/>\n<meta property=\"og:site_name\" content=\"Experiencias Cancun\" \/>\n<meta property=\"article:publisher\" content=\"https:\/\/web.facebook.com\/catamaranexperiencecancun\" \/>\n<meta property=\"article:modified_time\" content=\"2023-12-26T18:34:48+00:00\" \/>\n<meta property=\"og:image\" content=\"https:\/\/experienciascancun.com\/wp-content\/uploads\/2021\/09\/Isla-Mujeres-Privilege-Tour.jpg\" \/>\n\t<meta property=\"og:image:width\" content=\"1200\" \/>\n\t<meta property=\"og:image:height\" content=\"837\" \/>\n\t<meta property=\"og:image:type\" content=\"image\/jpeg\" \/>\n<meta name=\"twitter:card\" content=\"summary_large_image\" \/>\n<meta name=\"twitter:label1\" content=\"Precio\" \/>\n\t<meta name=\"twitter:data1\" content=\"&#036;2,370.00\" \/>\n\t<meta name=\"twitter:label2\" content=\"Disponibilidad\" \/>\n\t<meta name=\"twitter:data2\" content=\"Disponible\" \/>\n<script type=\"application\/ld+json\" class=\"yoast-schema-graph\">{\"@context\":\"https:\/\/schema.org\",\"@graph\":[{\"@type\":\"WebPage\",\"@id\":\"https:\/\/experienciascancun.com\/es\/producto\/tour-privilegio\/\",\"url\":\"https:\/\/experienciascancun.com\/es\/producto\/tour-privilegio\/\",\"name\":\"Tour Privilege a Isla Mujeres - Experiencias Cancun\",\"isPartOf\":{\"@id\":\"https:\/\/experienciascancun.com\/es\/#website\"},\"primaryImageOfPage\":{\"@id\":\"https:\/\/experienciascancun.com\/es\/producto\/tour-privilegio\/#primaryimage\"},\"image\":{\"@id\":\"https:\/\/experienciascancun.com\/es\/producto\/tour-privilegio\/#primaryimage\"},\"thumbnailUrl\":\"https:\/\/experienciascancun.com\/wp-content\/uploads\/2021\/09\/Isla-Mujeres-Privilege-Tour.jpg\",\"datePublished\":\"2022-12-06T13:59:25+00:00\",\"dateModified\":\"2023-12-26T18:34:48+00:00\",\"description\":\"Navega a Isla Mujeres con las comodidades de un catamaran de lujo. Una experiencia extraordinaria con Bebidas Premium, Snack y toallas. Tour Isla Mujeres\",\"breadcrumb\":{\"@id\":\"https:\/\/experienciascancun.com\/es\/producto\/tour-privilegio\/#breadcrumb\"},\"inLanguage\":\"es\",\"potentialAction\":[{\"@type\":\"ReadAction\",\"target\":[\"https:\/\/experienciascancun.com\/es\/producto\/tour-privilegio\/\"]}]},{\"@type\":\"ImageObject\",\"inLanguage\":\"es\",\"@id\":\"https:\/\/experienciascancun.com\/es\/producto\/tour-privilegio\/#primaryimage\",\"url\":\"https:\/\/experienciascancun.com\/wp-content\/uploads\/2021\/09\/Isla-Mujeres-Privilege-Tour.jpg\",\"contentUrl\":\"https:\/\/experienciascancun.com\/wp-content\/uploads\/2021\/09\/Isla-Mujeres-Privilege-Tour.jpg\",\"width\":1200,\"height\":837},{\"@type\":\"BreadcrumbList\",\"@id\":\"https:\/\/experienciascancun.com\/es\/producto\/tour-privilegio\/#breadcrumb\",\"itemListElement\":[{\"@type\":\"ListItem\",\"position\":1,\"name\":\"Home\",\"item\":\"https:\/\/experienciascancun.com\/es\/\"},{\"@type\":\"ListItem\",\"position\":2,\"name\":\"Tienda\",\"item\":\"https:\/\/experienciascancun.com\/es\/tienda\/\"},{\"@type\":\"ListItem\",\"position\":3,\"name\":\"Tour Privilege\"}]},{\"@type\":\"WebSite\",\"@id\":\"https:\/\/experienciascancun.com\/es\/#website\",\"url\":\"https:\/\/experienciascancun.com\/es\/\",\"name\":\"Experiencias Cancun\",\"description\":\"Private Yacht Rentals \/ Catamaran Tours\",\"publisher\":{\"@id\":\"https:\/\/experienciascancun.com\/es\/#organization\"},\"potentialAction\":[{\"@type\":\"SearchAction\",\"target\":{\"@type\":\"EntryPoint\",\"urlTemplate\":\"https:\/\/experienciascancun.com\/es\/?s={search_term_string}\"},\"query-input\":{\"@type\":\"PropertyValueSpecification\",\"valueRequired\":true,\"valueName\":\"search_term_string\"}}],\"inLanguage\":\"es\"},{\"@type\":\"Organization\",\"@id\":\"https:\/\/experienciascancun.com\/es\/#organization\",\"name\":\"Experiencias Cancun\",\"url\":\"https:\/\/experienciascancun.com\/es\/\",\"logo\":{\"@type\":\"ImageObject\",\"inLanguage\":\"es\",\"@id\":\"https:\/\/experienciascancun.com\/es\/#\/schema\/logo\/image\/\",\"url\":\"https:\/\/experienciascancun.com\/wp-content\/uploads\/2020\/03\/Logo-Ancla-Experiencias-Cancun.png\",\"contentUrl\":\"https:\/\/experienciascancun.com\/wp-content\/uploads\/2020\/03\/Logo-Ancla-Experiencias-Cancun.png\",\"width\":429,\"height\":80,\"caption\":\"Experiencias Cancun\"},\"image\":{\"@id\":\"https:\/\/experienciascancun.com\/es\/#\/schema\/logo\/image\/\"},\"sameAs\":[\"https:\/\/web.facebook.com\/catamaranexperiencecancun\",\"https:\/\/www.instagram.com\/cancun_experiencias\/\",\"https:\/\/www.youtube.com\/c\/CancunCatamaranes\/videos\"]}]}<\/script>\n<meta property=\"product:price:amount\" content=\"2370.00\" \/>\n<meta property=\"product:price:currency\" content=\"MXN\" \/>\n<meta property=\"og:availability\" content=\"instock\" \/>\n<meta property=\"product:availability\" content=\"instock\" \/>\n<meta property=\"product:condition\" content=\"new\" \/>\n<!-- \/ Yoast SEO Premium plugin. -->","yoast_head_json":{"title":"Tour Privilege a Isla Mujeres - Experiencias Cancun","description":"Navega a Isla Mujeres con las comodidades de un catamaran de lujo. Una experiencia extraordinaria con Bebidas Premium, Snack y toallas. Tour Isla Mujeres","robots":{"index":"index","follow":"follow","max-snippet":"max-snippet:-1","max-image-preview":"max-image-preview:large","max-video-preview":"max-video-preview:-1"},"canonical":"https:\/\/experienciascancun.com\/es\/producto\/tour-privilegio\/","og_locale":"es_ES","og_type":"article","og_title":"Tour Privilege","og_description":"Navega a Isla Mujeres con las comodidades de un catamaran de lujo. Una experiencia extraordinaria con Bebidas Premium, Snack y toallas. Tour Isla Mujeres","og_url":"https:\/\/experienciascancun.com\/es\/producto\/tour-privilegio\/","og_site_name":"Experiencias Cancun","article_publisher":"https:\/\/web.facebook.com\/catamaranexperiencecancun","article_modified_time":"2023-12-26T18:34:48+00:00","og_image":[{"width":1200,"height":837,"url":"https:\/\/experienciascancun.com\/wp-content\/uploads\/2021\/09\/Isla-Mujeres-Privilege-Tour.jpg","type":"image\/jpeg"}],"twitter_card":"summary_large_image","twitter_misc":{"Precio":"&#36;2,370.00","Disponibilidad":"Disponible"},"schema":{"@context":"https:\/\/schema.org","@graph":[{"@type":"WebPage","@id":"https:\/\/experienciascancun.com\/es\/producto\/tour-privilegio\/","url":"https:\/\/experienciascancun.com\/es\/producto\/tour-privilegio\/","name":"Tour Privilege a Isla Mujeres - Experiencias Cancun","isPartOf":{"@id":"https:\/\/experienciascancun.com\/es\/#website"},"primaryImageOfPage":{"@id":"https:\/\/experienciascancun.com\/es\/producto\/tour-privilegio\/#primaryimage"},"image":{"@id":"https:\/\/experienciascancun.com\/es\/producto\/tour-privilegio\/#primaryimage"},"thumbnailUrl":"https:\/\/experienciascancun.com\/wp-content\/uploads\/2021\/09\/Isla-Mujeres-Privilege-Tour.jpg","datePublished":"2022-12-06T13:59:25+00:00","dateModified":"2023-12-26T18:34:48+00:00","description":"Navega a Isla Mujeres con las comodidades de un catamaran de lujo. Una experiencia extraordinaria con Bebidas Premium, Snack y toallas. Tour Isla Mujeres","breadcrumb":{"@id":"https:\/\/experienciascancun.com\/es\/producto\/tour-privilegio\/#breadcrumb"},"inLanguage":"es","potentialAction":[{"@type":"ReadAction","target":["https:\/\/experienciascancun.com\/es\/producto\/tour-privilegio\/"]}]},{"@type":"ImageObject","inLanguage":"es","@id":"https:\/\/experienciascancun.com\/es\/producto\/tour-privilegio\/#primaryimage","url":"https:\/\/experienciascancun.com\/wp-content\/uploads\/2021\/09\/Isla-Mujeres-Privilege-Tour.jpg","contentUrl":"https:\/\/experienciascancun.com\/wp-content\/uploads\/2021\/09\/Isla-Mujeres-Privilege-Tour.jpg","width":1200,"height":837},{"@type":"BreadcrumbList","@id":"https:\/\/experienciascancun.com\/es\/producto\/tour-privilegio\/#breadcrumb","itemListElement":[{"@type":"ListItem","position":1,"name":"Home","item":"https:\/\/experienciascancun.com\/es\/"},{"@type":"ListItem","position":2,"name":"Tienda","item":"https:\/\/experienciascancun.com\/es\/tienda\/"},{"@type":"ListItem","position":3,"name":"Tour Privilege"}]},{"@type":"WebSite","@id":"https:\/\/experienciascancun.com\/es\/#website","url":"https:\/\/experienciascancun.com\/es\/","name":"Experiencias Cancun","description":"Private Yacht Rentals \/ Catamaran Tours","publisher":{"@id":"https:\/\/experienciascancun.com\/es\/#organization"},"potentialAction":[{"@type":"SearchAction","target":{"@type":"EntryPoint","urlTemplate":"https:\/\/experienciascancun.com\/es\/?s={search_term_string}"},"query-input":{"@type":"PropertyValueSpecification","valueRequired":true,"valueName":"search_term_string"}}],"inLanguage":"es"},{"@type":"Organization","@id":"https:\/\/experienciascancun.com\/es\/#organization","name":"Experiencias Cancun","url":"https:\/\/experienciascancun.com\/es\/","logo":{"@type":"ImageObject","inLanguage":"es","@id":"https:\/\/experienciascancun.com\/es\/#\/schema\/logo\/image\/","url":"https:\/\/experienciascancun.com\/wp-content\/uploads\/2020\/03\/Logo-Ancla-Experiencias-Cancun.png","contentUrl":"https:\/\/experienciascancun.com\/wp-content\/uploads\/2020\/03\/Logo-Ancla-Experiencias-Cancun.png","width":429,"height":80,"caption":"Experiencias Cancun"},"image":{"@id":"https:\/\/experienciascancun.com\/es\/#\/schema\/logo\/image\/"},"sameAs":["https:\/\/web.facebook.com\/catamaranexperiencecancun","https:\/\/www.instagram.com\/cancun_experiencias\/","https:\/\/www.youtube.com\/c\/CancunCatamaranes\/videos"]}]},"product_price_amount":"2370.00","product_price_currency":"MXN","og_availability":"instock","product_availability":"instock","product_condition":"new"},"_links":{"self":[{"href":"https:\/\/experienciascancun.com\/es\/wp-json\/wp\/v2\/product\/18508","targetHints":{"allow":["GET"]}}],"collection":[{"href":"https:\/\/experienciascancun.com\/es\/wp-json\/wp\/v2\/product"}],"about":[{"href":"https:\/\/experienciascancun.com\/es\/wp-json\/wp\/v2\/types\/product"}],"version-history":[{"count":0,"href":"https:\/\/experienciascancun.com\/es\/wp-json\/wp\/v2\/product\/18508\/revisions"}],"wp:featuredmedia":[{"embeddable":true,"href":"https:\/\/experienciascancun.com\/es\/wp-json\/wp\/v2\/media\/12833"}],"wp:attachment":[{"href":"https:\/\/experienciascancun.com\/es\/wp-json\/wp\/v2\/media?parent=18508"}],"wp:term":[{"taxonomy":"product_brand","embeddable":true,"href":"https:\/\/experienciascancun.com\/es\/wp-json\/wp\/v2\/product_brand?post=18508"},{"taxonomy":"product_cat","embeddable":true,"href":"https:\/\/experienciascancun.com\/es\/wp-json\/wp\/v2\/product_cat?post=18508"},{"taxonomy":"product_tag","embeddable":true,"href":"https:\/\/experienciascancun.com\/es\/wp-json\/wp\/v2\/product_tag?post=18508"}],"curies":[{"name":"wp","href":"https:\/\/api.w.org\/{rel}","templated":true}]}}