{"id":18495,"date":"2022-12-06T15:21:16","date_gmt":"2022-12-06T15:21:16","guid":{"rendered":"https:\/\/experienciascancun.com\/product\/sunset-tour\/"},"modified":"2024-01-29T21:47:45","modified_gmt":"2024-01-29T21:47:45","slug":"tour-atardecer-cancun","status":"publish","type":"product","link":"https:\/\/experienciascancun.com\/es\/producto\/tour-atardecer-cancun\/","title":{"rendered":"Tour Atardecer Cancun"},"content":{"rendered":"<ul>\n<li>Gu\u00eda biling\u00fce<\/li>\n<li>Barra libre a bordo (refrescos, agua, ron, vodka y tequila)*<\/li>\n<li>Merienda a bordo.<\/li>\n<li>M\u00fasica en vivo con saxofonista o trompetista.<\/li>\n<li>Navegaci\u00f3n por la Bah\u00eda de Isla Mujeres.<\/li>\n<li>Ba\u00f1o y Atardecer en Playa Norte.<\/li>\n<li>Visita al Centro de Isla Mujeres por 1 hora y 15 minutos.<\/li>\n<\/ul>\n<p>HORARIO: Salida Martes, Jueves y S\u00e1bado desde Canc\u00fan a las 4:30 PM. Llegada desde Isla Mujeres a las 8.30 PM<\/p>\n<p>*Cerveza no incluida en la barra libre. Precio extra<\/p>\n","protected":false},"excerpt":{"rendered":"<p><strong>PRECIO<\/strong><\/p>\n<p>Adulto $1,080 MXN<\/p>\n<p>Ni\u00f1o $900 MXN<\/p>\n<p>$360 MXN DE IMPUESTO DE MUELLE por persona NO EST\u00c1 INCLUIDO. Ni\u00f1os hasta 4 a\u00f1os no pagan impuestos.<\/p>\n<p>SALIDA: Martes, Jueves y S\u00e1bado<\/p>\n<p>Disfruta de un impresionante atardecer desde Isla Mujeres en un tour diferente en catamaran desde Canc\u00fan. Nade en Playa Norte, una de las playas m\u00e1s hermosas del mundo, y explore Isla Mujeres y sus coloridas calles lejos del bullicio habitual, durante 1 hora y 45 minutos\u00a0de tiempo libre.<\/p>\n<p>Divi\u00e9rtete con m\u00fasica en vivo, bebidas y un snack mientras el sol se pone sobre el Mar Caribe.<\/p>\n","protected":false},"featured_media":7741,"template":"","meta":{"_acf_changed":false},"product_brand":[],"product_cat":[419,410],"product_tag":[],"class_list":{"0":"post-18495","1":"product","2":"type-product","3":"status-publish","4":"has-post-thumbnail","6":"product_cat-sunset-tour-es","7":"product_cat-tour-en-catamaran-compartido","8":"tm-has-options","10":"first","11":"instock","12":"virtual","13":"sold-individually","14":"purchasable","15":"product-type-simple"},"acf":[],"yoast_head":"<!-- This site is optimized with the Yoast SEO Premium plugin v20.10 (Yoast SEO v23.7) - https:\/\/yoast.com\/wordpress\/plugins\/seo\/ -->\n<title>Tour Atardecer Cancun en Catamaran - Isla Mujeres<\/title>\n<meta name=\"description\" content=\"Disfruta de un impresionante atardecer en el Caribe desde Isla Mujeres. Divi\u00e9rtete saliendo de Canc\u00fan, con m\u00fasica en vivo, bebidas y un refrigerio.\" \/>\n<meta name=\"robots\" content=\"index, follow, max-snippet:-1, max-image-preview:large, max-video-preview:-1\" \/>\n<link rel=\"canonical\" href=\"https:\/\/experienciascancun.com\/es\/producto\/tour-atardecer-cancun\/\" \/>\n<meta property=\"og:locale\" content=\"es_ES\" \/>\n<meta property=\"og:type\" content=\"article\" \/>\n<meta property=\"og:title\" content=\"Tour Atardecer Cancun\" \/>\n<meta property=\"og:description\" content=\"Disfruta de un impresionante atardecer en el Caribe desde Isla Mujeres. Divi\u00e9rtete saliendo de Canc\u00fan, con m\u00fasica en vivo, bebidas y un refrigerio.\" \/>\n<meta property=\"og:url\" content=\"https:\/\/experienciascancun.com\/es\/producto\/tour-atardecer-cancun\/\" \/>\n<meta property=\"og:site_name\" content=\"Experiencias Cancun\" \/>\n<meta property=\"article:publisher\" content=\"https:\/\/web.facebook.com\/catamaranexperiencecancun\" \/>\n<meta property=\"article:modified_time\" content=\"2024-01-29T21:47:45+00:00\" \/>\n<meta property=\"og:image\" content=\"https:\/\/experienciascancun.com\/wp-content\/uploads\/2020\/04\/catamaran-sunset-tour.jpg\" \/>\n\t<meta property=\"og:image:width\" content=\"1200\" \/>\n\t<meta property=\"og:image:height\" content=\"800\" \/>\n\t<meta property=\"og:image:type\" content=\"image\/jpeg\" \/>\n<meta name=\"twitter:card\" content=\"summary_large_image\" \/>\n<meta name=\"twitter:label1\" content=\"Precio\" \/>\n\t<meta name=\"twitter:data1\" content=\"&#036;1,185.00\" \/>\n\t<meta name=\"twitter:label2\" content=\"Disponibilidad\" \/>\n\t<meta name=\"twitter:data2\" content=\"Disponible\" \/>\n<script type=\"application\/ld+json\" class=\"yoast-schema-graph\">{\"@context\":\"https:\/\/schema.org\",\"@graph\":[{\"@type\":\"WebPage\",\"@id\":\"https:\/\/experienciascancun.com\/es\/producto\/tour-atardecer-cancun\/\",\"url\":\"https:\/\/experienciascancun.com\/es\/producto\/tour-atardecer-cancun\/\",\"name\":\"Tour Atardecer Cancun en Catamaran - Isla Mujeres\",\"isPartOf\":{\"@id\":\"https:\/\/experienciascancun.com\/es\/#website\"},\"primaryImageOfPage\":{\"@id\":\"https:\/\/experienciascancun.com\/es\/producto\/tour-atardecer-cancun\/#primaryimage\"},\"image\":{\"@id\":\"https:\/\/experienciascancun.com\/es\/producto\/tour-atardecer-cancun\/#primaryimage\"},\"thumbnailUrl\":\"https:\/\/experienciascancun.com\/wp-content\/uploads\/2020\/04\/catamaran-sunset-tour.jpg\",\"datePublished\":\"2022-12-06T15:21:16+00:00\",\"dateModified\":\"2024-01-29T21:47:45+00:00\",\"description\":\"Disfruta de un impresionante atardecer en el Caribe desde Isla Mujeres. Divi\u00e9rtete saliendo de Canc\u00fan, con m\u00fasica en vivo, bebidas y un refrigerio.\",\"breadcrumb\":{\"@id\":\"https:\/\/experienciascancun.com\/es\/producto\/tour-atardecer-cancun\/#breadcrumb\"},\"inLanguage\":\"es\",\"potentialAction\":[{\"@type\":\"ReadAction\",\"target\":[\"https:\/\/experienciascancun.com\/es\/producto\/tour-atardecer-cancun\/\"]}]},{\"@type\":\"ImageObject\",\"inLanguage\":\"es\",\"@id\":\"https:\/\/experienciascancun.com\/es\/producto\/tour-atardecer-cancun\/#primaryimage\",\"url\":\"https:\/\/experienciascancun.com\/wp-content\/uploads\/2020\/04\/catamaran-sunset-tour.jpg\",\"contentUrl\":\"https:\/\/experienciascancun.com\/wp-content\/uploads\/2020\/04\/catamaran-sunset-tour.jpg\",\"width\":1200,\"height\":800,\"caption\":\"Woman looking at sunset on Catamaran while visit cancun\"},{\"@type\":\"BreadcrumbList\",\"@id\":\"https:\/\/experienciascancun.com\/es\/producto\/tour-atardecer-cancun\/#breadcrumb\",\"itemListElement\":[{\"@type\":\"ListItem\",\"position\":1,\"name\":\"Home\",\"item\":\"https:\/\/experienciascancun.com\/es\/\"},{\"@type\":\"ListItem\",\"position\":2,\"name\":\"Tienda\",\"item\":\"https:\/\/experienciascancun.com\/es\/tienda\/\"},{\"@type\":\"ListItem\",\"position\":3,\"name\":\"Tour Atardecer Cancun\"}]},{\"@type\":\"WebSite\",\"@id\":\"https:\/\/experienciascancun.com\/es\/#website\",\"url\":\"https:\/\/experienciascancun.com\/es\/\",\"name\":\"Experiencias Cancun\",\"description\":\"Private Yacht Rentals \/ Catamaran Tours\",\"publisher\":{\"@id\":\"https:\/\/experienciascancun.com\/es\/#organization\"},\"potentialAction\":[{\"@type\":\"SearchAction\",\"target\":{\"@type\":\"EntryPoint\",\"urlTemplate\":\"https:\/\/experienciascancun.com\/es\/?s={search_term_string}\"},\"query-input\":{\"@type\":\"PropertyValueSpecification\",\"valueRequired\":true,\"valueName\":\"search_term_string\"}}],\"inLanguage\":\"es\"},{\"@type\":\"Organization\",\"@id\":\"https:\/\/experienciascancun.com\/es\/#organization\",\"name\":\"Experiencias Cancun\",\"url\":\"https:\/\/experienciascancun.com\/es\/\",\"logo\":{\"@type\":\"ImageObject\",\"inLanguage\":\"es\",\"@id\":\"https:\/\/experienciascancun.com\/es\/#\/schema\/logo\/image\/\",\"url\":\"https:\/\/experienciascancun.com\/wp-content\/uploads\/2020\/03\/Logo-Ancla-Experiencias-Cancun.png\",\"contentUrl\":\"https:\/\/experienciascancun.com\/wp-content\/uploads\/2020\/03\/Logo-Ancla-Experiencias-Cancun.png\",\"width\":429,\"height\":80,\"caption\":\"Experiencias Cancun\"},\"image\":{\"@id\":\"https:\/\/experienciascancun.com\/es\/#\/schema\/logo\/image\/\"},\"sameAs\":[\"https:\/\/web.facebook.com\/catamaranexperiencecancun\",\"https:\/\/www.instagram.com\/cancun_experiencias\/\",\"https:\/\/www.youtube.com\/c\/CancunCatamaranes\/videos\"]}]}<\/script>\n<meta property=\"product:price:amount\" content=\"1185.00\" \/>\n<meta property=\"product:price:currency\" content=\"MXN\" \/>\n<meta property=\"og:availability\" content=\"instock\" \/>\n<meta property=\"product:availability\" content=\"instock\" \/>\n<meta property=\"product:condition\" content=\"new\" \/>\n<!-- \/ Yoast SEO Premium plugin. -->","yoast_head_json":{"title":"Tour Atardecer Cancun en Catamaran - Isla Mujeres","description":"Disfruta de un impresionante atardecer en el Caribe desde Isla Mujeres. Divi\u00e9rtete saliendo de Canc\u00fan, con m\u00fasica en vivo, bebidas y un refrigerio.","robots":{"index":"index","follow":"follow","max-snippet":"max-snippet:-1","max-image-preview":"max-image-preview:large","max-video-preview":"max-video-preview:-1"},"canonical":"https:\/\/experienciascancun.com\/es\/producto\/tour-atardecer-cancun\/","og_locale":"es_ES","og_type":"article","og_title":"Tour Atardecer Cancun","og_description":"Disfruta de un impresionante atardecer en el Caribe desde Isla Mujeres. Divi\u00e9rtete saliendo de Canc\u00fan, con m\u00fasica en vivo, bebidas y un refrigerio.","og_url":"https:\/\/experienciascancun.com\/es\/producto\/tour-atardecer-cancun\/","og_site_name":"Experiencias Cancun","article_publisher":"https:\/\/web.facebook.com\/catamaranexperiencecancun","article_modified_time":"2024-01-29T21:47:45+00:00","og_image":[{"width":1200,"height":800,"url":"https:\/\/experienciascancun.com\/wp-content\/uploads\/2020\/04\/catamaran-sunset-tour.jpg","type":"image\/jpeg"}],"twitter_card":"summary_large_image","twitter_misc":{"Precio":"&#36;1,185.00","Disponibilidad":"Disponible"},"schema":{"@context":"https:\/\/schema.org","@graph":[{"@type":"WebPage","@id":"https:\/\/experienciascancun.com\/es\/producto\/tour-atardecer-cancun\/","url":"https:\/\/experienciascancun.com\/es\/producto\/tour-atardecer-cancun\/","name":"Tour Atardecer Cancun en Catamaran - Isla Mujeres","isPartOf":{"@id":"https:\/\/experienciascancun.com\/es\/#website"},"primaryImageOfPage":{"@id":"https:\/\/experienciascancun.com\/es\/producto\/tour-atardecer-cancun\/#primaryimage"},"image":{"@id":"https:\/\/experienciascancun.com\/es\/producto\/tour-atardecer-cancun\/#primaryimage"},"thumbnailUrl":"https:\/\/experienciascancun.com\/wp-content\/uploads\/2020\/04\/catamaran-sunset-tour.jpg","datePublished":"2022-12-06T15:21:16+00:00","dateModified":"2024-01-29T21:47:45+00:00","description":"Disfruta de un impresionante atardecer en el Caribe desde Isla Mujeres. Divi\u00e9rtete saliendo de Canc\u00fan, con m\u00fasica en vivo, bebidas y un refrigerio.","breadcrumb":{"@id":"https:\/\/experienciascancun.com\/es\/producto\/tour-atardecer-cancun\/#breadcrumb"},"inLanguage":"es","potentialAction":[{"@type":"ReadAction","target":["https:\/\/experienciascancun.com\/es\/producto\/tour-atardecer-cancun\/"]}]},{"@type":"ImageObject","inLanguage":"es","@id":"https:\/\/experienciascancun.com\/es\/producto\/tour-atardecer-cancun\/#primaryimage","url":"https:\/\/experienciascancun.com\/wp-content\/uploads\/2020\/04\/catamaran-sunset-tour.jpg","contentUrl":"https:\/\/experienciascancun.com\/wp-content\/uploads\/2020\/04\/catamaran-sunset-tour.jpg","width":1200,"height":800,"caption":"Woman looking at sunset on Catamaran while visit cancun"},{"@type":"BreadcrumbList","@id":"https:\/\/experienciascancun.com\/es\/producto\/tour-atardecer-cancun\/#breadcrumb","itemListElement":[{"@type":"ListItem","position":1,"name":"Home","item":"https:\/\/experienciascancun.com\/es\/"},{"@type":"ListItem","position":2,"name":"Tienda","item":"https:\/\/experienciascancun.com\/es\/tienda\/"},{"@type":"ListItem","position":3,"name":"Tour Atardecer Cancun"}]},{"@type":"WebSite","@id":"https:\/\/experienciascancun.com\/es\/#website","url":"https:\/\/experienciascancun.com\/es\/","name":"Experiencias Cancun","description":"Private Yacht Rentals \/ Catamaran Tours","publisher":{"@id":"https:\/\/experienciascancun.com\/es\/#organization"},"potentialAction":[{"@type":"SearchAction","target":{"@type":"EntryPoint","urlTemplate":"https:\/\/experienciascancun.com\/es\/?s={search_term_string}"},"query-input":{"@type":"PropertyValueSpecification","valueRequired":true,"valueName":"search_term_string"}}],"inLanguage":"es"},{"@type":"Organization","@id":"https:\/\/experienciascancun.com\/es\/#organization","name":"Experiencias Cancun","url":"https:\/\/experienciascancun.com\/es\/","logo":{"@type":"ImageObject","inLanguage":"es","@id":"https:\/\/experienciascancun.com\/es\/#\/schema\/logo\/image\/","url":"https:\/\/experienciascancun.com\/wp-content\/uploads\/2020\/03\/Logo-Ancla-Experiencias-Cancun.png","contentUrl":"https:\/\/experienciascancun.com\/wp-content\/uploads\/2020\/03\/Logo-Ancla-Experiencias-Cancun.png","width":429,"height":80,"caption":"Experiencias Cancun"},"image":{"@id":"https:\/\/experienciascancun.com\/es\/#\/schema\/logo\/image\/"},"sameAs":["https:\/\/web.facebook.com\/catamaranexperiencecancun","https:\/\/www.instagram.com\/cancun_experiencias\/","https:\/\/www.youtube.com\/c\/CancunCatamaranes\/videos"]}]},"product_price_amount":"1185.00","product_price_currency":"MXN","og_availability":"instock","product_availability":"instock","product_condition":"new"},"_links":{"self":[{"href":"https:\/\/experienciascancun.com\/es\/wp-json\/wp\/v2\/product\/18495","targetHints":{"allow":["GET"]}}],"collection":[{"href":"https:\/\/experienciascancun.com\/es\/wp-json\/wp\/v2\/product"}],"about":[{"href":"https:\/\/experienciascancun.com\/es\/wp-json\/wp\/v2\/types\/product"}],"version-history":[{"count":0,"href":"https:\/\/experienciascancun.com\/es\/wp-json\/wp\/v2\/product\/18495\/revisions"}],"wp:featuredmedia":[{"embeddable":true,"href":"https:\/\/experienciascancun.com\/es\/wp-json\/wp\/v2\/media\/7741"}],"wp:attachment":[{"href":"https:\/\/experienciascancun.com\/es\/wp-json\/wp\/v2\/media?parent=18495"}],"wp:term":[{"taxonomy":"product_brand","embeddable":true,"href":"https:\/\/experienciascancun.com\/es\/wp-json\/wp\/v2\/product_brand?post=18495"},{"taxonomy":"product_cat","embeddable":true,"href":"https:\/\/experienciascancun.com\/es\/wp-json\/wp\/v2\/product_cat?post=18495"},{"taxonomy":"product_tag","embeddable":true,"href":"https:\/\/experienciascancun.com\/es\/wp-json\/wp\/v2\/product_tag?post=18495"}],"curies":[{"name":"wp","href":"https:\/\/api.w.org\/{rel}","templated":true}]}}