{"id":17443,"date":"2022-12-09T14:53:53","date_gmt":"2022-12-09T14:53:53","guid":{"rendered":"https:\/\/experienciascancun.com\/product\/contoy-nature-tour\/"},"modified":"2023-10-25T21:37:11","modified_gmt":"2023-10-25T21:37:11","slug":"tour-isla-contoy","status":"publish","type":"product","link":"https:\/\/experienciascancun.com\/es\/producto\/tour-isla-contoy\/","title":{"rendered":"Parque Natural Contoy"},"content":{"rendered":"<p><strong>INCLUYE<\/strong><\/p>\n<p>-Gu\u00eda biling\u00fce.<br \/>\n-Barra libre a bordo (refrescos, agua, cerveza, ron, vodka y tequila)<br \/>\n-Snack a bordo (fruta fresca y pan dulce)<br \/>\n-Actividad de esnorkel con equipo<br \/>\n-Visita al centro de Isla Mujeres (1 hora)<br \/>\n-Visita a Isla Contoy tiempo libre (3 horas)<br \/>\n-Visita guiada a Isla Contoy (opcional)<br \/>\n-Almuerzo buffet en Isla Contoy<\/p>\n<p><strong>CALENDARIO<\/strong><\/p>\n<p>Salida desde Canc\u00fan a las 10:00 AM<\/p>\n<p>Llegada desde Isla Contoy a las 17:00 PM<\/p>\n<p>Marina Xtabay, Ctra Punta Sam 1 km Puerto Ju\u00e1rez<\/p>\n<p><strong>PRECIO mxn<\/strong><\/p>\n<p>Adulto $2,500 MXN<\/p>\n<p>Ni\u00f1o $1,962 MXN<\/p>\n<p>$360 MXN por persona Impuesto de Muelle NO INCLUIDO<\/p>\n<p>(Ni\u00f1os hasta 4 a\u00f1os no pagan impuestos)<\/p>\n<p><strong>CARACTER\u00cdSTICAS ADICIONALES<\/strong><\/p>\n<p>-Transportaci\u00f3n redonda en mini bus compartido en Canc\u00fan $180 MXN por persona.<br \/>\n-Transportaci\u00f3n Redonda en Playa del Carmen $270 MXN por persona.<br \/>\n-Transportaci\u00f3n Redonda en la Riviera Maya $360 MXN.<br \/>\n-Ida y vuelta en transporte privado, especificar hotel.<\/p>\n","protected":false},"excerpt":{"rendered":"<p>PRECIO<\/p>\n<p>Adulto $2,500 MXN<\/p>\n<p>Ni\u00f1o $1,962 MXN<\/p>\n<p>$360 MXN DE IMPUESTO DE MUELLE por persona NO EST\u00c1 INCLUIDO.<\/p>\n<p>Ni\u00f1os hasta 4 a\u00f1os no pagan impuestos<\/p>\n<p>Visita el Parque Natural Isla Contoy, un para\u00edso protegido para explorar. Solo se permite la visita de 200 personas por d\u00eda, para preservar y mantener su ecosistema. Incluye una visita guiada de 40 minutos por la isla: el manglar, las dunas y el museo, o tambi\u00e9n puede relajarse en la playa. La peque\u00f1a isla deshabitada tiene playas v\u00edrgenes, rodeadas de palmeras, y es el principal lugar de anidaci\u00f3n de tortugas y aves marinas. El tour parte de Canc\u00fan, tiene una breve parada en Isla Mujeres, snorkel en el arrecife Ixlach\u00e9 y llegada a Isla Contoy.<\/p>\n","protected":false},"featured_media":23142,"template":"","meta":{"_acf_changed":false},"product_brand":[],"product_cat":[408],"product_tag":[],"class_list":{"0":"post-17443","1":"product","2":"type-product","3":"status-publish","4":"has-post-thumbnail","6":"product_cat-tour-en-catamaran-a-isla-contoy","7":"tm-has-options","9":"first","10":"instock","11":"virtual","12":"sold-individually","13":"purchasable","14":"product-type-simple"},"acf":[],"yoast_head":"<!-- This site is optimized with the Yoast SEO Premium plugin v20.10 (Yoast SEO v23.7) - https:\/\/yoast.com\/wordpress\/plugins\/seo\/ -->\n<title>Tour Isla Contoy desde Cancun - Experiencias Cancun<\/title>\n<meta name=\"description\" content=\"Explore Isla Contoy en una excursi\u00f3n de un d\u00eda desde Canc\u00fan. Realice una visita guiada por la isla o simplemente rel\u00e1jese en Catamaran\" \/>\n<meta name=\"robots\" content=\"index, follow, max-snippet:-1, max-image-preview:large, max-video-preview:-1\" \/>\n<link rel=\"canonical\" href=\"https:\/\/experienciascancun.com\/es\/producto\/tour-isla-contoy\/\" \/>\n<meta property=\"og:locale\" content=\"es_ES\" \/>\n<meta property=\"og:type\" content=\"article\" \/>\n<meta property=\"og:title\" content=\"Parque Natural Contoy\" \/>\n<meta property=\"og:description\" content=\"Explore Isla Contoy en una excursi\u00f3n de un d\u00eda desde Canc\u00fan. Realice una visita guiada por la isla o simplemente rel\u00e1jese en Catamaran\" \/>\n<meta property=\"og:url\" content=\"https:\/\/experienciascancun.com\/es\/producto\/tour-isla-contoy\/\" \/>\n<meta property=\"og:site_name\" content=\"Experiencias Cancun\" \/>\n<meta property=\"article:publisher\" content=\"https:\/\/web.facebook.com\/catamaranexperiencecancun\" \/>\n<meta property=\"article:modified_time\" content=\"2023-10-25T21:37:11+00:00\" \/>\n<meta property=\"og:image\" content=\"https:\/\/experienciascancun.com\/wp-content\/uploads\/2022\/12\/Contoy-Tour-Cancun-1.jpg\" \/>\n\t<meta property=\"og:image:width\" content=\"1181\" \/>\n\t<meta property=\"og:image:height\" content=\"788\" \/>\n\t<meta property=\"og:image:type\" content=\"image\/jpeg\" \/>\n<meta name=\"twitter:card\" content=\"summary_large_image\" \/>\n<meta name=\"twitter:label1\" content=\"Precio\" \/>\n\t<meta name=\"twitter:data1\" content=\"&#036;2,745.25\" \/>\n\t<meta name=\"twitter:label2\" content=\"Disponibilidad\" \/>\n\t<meta name=\"twitter:data2\" content=\"Disponible\" \/>\n<script type=\"application\/ld+json\" class=\"yoast-schema-graph\">{\"@context\":\"https:\/\/schema.org\",\"@graph\":[{\"@type\":\"WebPage\",\"@id\":\"https:\/\/experienciascancun.com\/es\/producto\/tour-isla-contoy\/\",\"url\":\"https:\/\/experienciascancun.com\/es\/producto\/tour-isla-contoy\/\",\"name\":\"Tour Isla Contoy desde Cancun - Experiencias Cancun\",\"isPartOf\":{\"@id\":\"https:\/\/experienciascancun.com\/es\/#website\"},\"primaryImageOfPage\":{\"@id\":\"https:\/\/experienciascancun.com\/es\/producto\/tour-isla-contoy\/#primaryimage\"},\"image\":{\"@id\":\"https:\/\/experienciascancun.com\/es\/producto\/tour-isla-contoy\/#primaryimage\"},\"thumbnailUrl\":\"https:\/\/experienciascancun.com\/wp-content\/uploads\/2022\/12\/Contoy-Tour-Cancun-1.jpg\",\"datePublished\":\"2022-12-09T14:53:53+00:00\",\"dateModified\":\"2023-10-25T21:37:11+00:00\",\"description\":\"Explore Isla Contoy en una excursi\u00f3n de un d\u00eda desde Canc\u00fan. Realice una visita guiada por la isla o simplemente rel\u00e1jese en Catamaran\",\"breadcrumb\":{\"@id\":\"https:\/\/experienciascancun.com\/es\/producto\/tour-isla-contoy\/#breadcrumb\"},\"inLanguage\":\"es\",\"potentialAction\":[{\"@type\":\"ReadAction\",\"target\":[\"https:\/\/experienciascancun.com\/es\/producto\/tour-isla-contoy\/\"]}]},{\"@type\":\"ImageObject\",\"inLanguage\":\"es\",\"@id\":\"https:\/\/experienciascancun.com\/es\/producto\/tour-isla-contoy\/#primaryimage\",\"url\":\"https:\/\/experienciascancun.com\/wp-content\/uploads\/2022\/12\/Contoy-Tour-Cancun-1.jpg\",\"contentUrl\":\"https:\/\/experienciascancun.com\/wp-content\/uploads\/2022\/12\/Contoy-Tour-Cancun-1.jpg\",\"width\":1181,\"height\":788},{\"@type\":\"BreadcrumbList\",\"@id\":\"https:\/\/experienciascancun.com\/es\/producto\/tour-isla-contoy\/#breadcrumb\",\"itemListElement\":[{\"@type\":\"ListItem\",\"position\":1,\"name\":\"Home\",\"item\":\"https:\/\/experienciascancun.com\/es\/\"},{\"@type\":\"ListItem\",\"position\":2,\"name\":\"Tienda\",\"item\":\"https:\/\/experienciascancun.com\/es\/tienda\/\"},{\"@type\":\"ListItem\",\"position\":3,\"name\":\"Parque Natural Contoy\"}]},{\"@type\":\"WebSite\",\"@id\":\"https:\/\/experienciascancun.com\/es\/#website\",\"url\":\"https:\/\/experienciascancun.com\/es\/\",\"name\":\"Experiencias Cancun\",\"description\":\"Private Yacht Rentals \/ Catamaran Tours\",\"publisher\":{\"@id\":\"https:\/\/experienciascancun.com\/es\/#organization\"},\"potentialAction\":[{\"@type\":\"SearchAction\",\"target\":{\"@type\":\"EntryPoint\",\"urlTemplate\":\"https:\/\/experienciascancun.com\/es\/?s={search_term_string}\"},\"query-input\":{\"@type\":\"PropertyValueSpecification\",\"valueRequired\":true,\"valueName\":\"search_term_string\"}}],\"inLanguage\":\"es\"},{\"@type\":\"Organization\",\"@id\":\"https:\/\/experienciascancun.com\/es\/#organization\",\"name\":\"Experiencias Cancun\",\"url\":\"https:\/\/experienciascancun.com\/es\/\",\"logo\":{\"@type\":\"ImageObject\",\"inLanguage\":\"es\",\"@id\":\"https:\/\/experienciascancun.com\/es\/#\/schema\/logo\/image\/\",\"url\":\"https:\/\/experienciascancun.com\/wp-content\/uploads\/2020\/03\/Logo-Ancla-Experiencias-Cancun.png\",\"contentUrl\":\"https:\/\/experienciascancun.com\/wp-content\/uploads\/2020\/03\/Logo-Ancla-Experiencias-Cancun.png\",\"width\":429,\"height\":80,\"caption\":\"Experiencias Cancun\"},\"image\":{\"@id\":\"https:\/\/experienciascancun.com\/es\/#\/schema\/logo\/image\/\"},\"sameAs\":[\"https:\/\/web.facebook.com\/catamaranexperiencecancun\",\"https:\/\/www.instagram.com\/cancun_experiencias\/\",\"https:\/\/www.youtube.com\/c\/CancunCatamaranes\/videos\"]}]}<\/script>\n<meta property=\"product:price:amount\" content=\"2745.25\" \/>\n<meta property=\"product:price:currency\" content=\"MXN\" \/>\n<meta property=\"og:availability\" content=\"instock\" \/>\n<meta property=\"product:availability\" content=\"instock\" \/>\n<meta property=\"product:condition\" content=\"new\" \/>\n<!-- \/ Yoast SEO Premium plugin. -->","yoast_head_json":{"title":"Tour Isla Contoy desde Cancun - Experiencias Cancun","description":"Explore Isla Contoy en una excursi\u00f3n de un d\u00eda desde Canc\u00fan. Realice una visita guiada por la isla o simplemente rel\u00e1jese en Catamaran","robots":{"index":"index","follow":"follow","max-snippet":"max-snippet:-1","max-image-preview":"max-image-preview:large","max-video-preview":"max-video-preview:-1"},"canonical":"https:\/\/experienciascancun.com\/es\/producto\/tour-isla-contoy\/","og_locale":"es_ES","og_type":"article","og_title":"Parque Natural Contoy","og_description":"Explore Isla Contoy en una excursi\u00f3n de un d\u00eda desde Canc\u00fan. Realice una visita guiada por la isla o simplemente rel\u00e1jese en Catamaran","og_url":"https:\/\/experienciascancun.com\/es\/producto\/tour-isla-contoy\/","og_site_name":"Experiencias Cancun","article_publisher":"https:\/\/web.facebook.com\/catamaranexperiencecancun","article_modified_time":"2023-10-25T21:37:11+00:00","og_image":[{"width":1181,"height":788,"url":"https:\/\/experienciascancun.com\/wp-content\/uploads\/2022\/12\/Contoy-Tour-Cancun-1.jpg","type":"image\/jpeg"}],"twitter_card":"summary_large_image","twitter_misc":{"Precio":"&#36;2,745.25","Disponibilidad":"Disponible"},"schema":{"@context":"https:\/\/schema.org","@graph":[{"@type":"WebPage","@id":"https:\/\/experienciascancun.com\/es\/producto\/tour-isla-contoy\/","url":"https:\/\/experienciascancun.com\/es\/producto\/tour-isla-contoy\/","name":"Tour Isla Contoy desde Cancun - Experiencias Cancun","isPartOf":{"@id":"https:\/\/experienciascancun.com\/es\/#website"},"primaryImageOfPage":{"@id":"https:\/\/experienciascancun.com\/es\/producto\/tour-isla-contoy\/#primaryimage"},"image":{"@id":"https:\/\/experienciascancun.com\/es\/producto\/tour-isla-contoy\/#primaryimage"},"thumbnailUrl":"https:\/\/experienciascancun.com\/wp-content\/uploads\/2022\/12\/Contoy-Tour-Cancun-1.jpg","datePublished":"2022-12-09T14:53:53+00:00","dateModified":"2023-10-25T21:37:11+00:00","description":"Explore Isla Contoy en una excursi\u00f3n de un d\u00eda desde Canc\u00fan. Realice una visita guiada por la isla o simplemente rel\u00e1jese en Catamaran","breadcrumb":{"@id":"https:\/\/experienciascancun.com\/es\/producto\/tour-isla-contoy\/#breadcrumb"},"inLanguage":"es","potentialAction":[{"@type":"ReadAction","target":["https:\/\/experienciascancun.com\/es\/producto\/tour-isla-contoy\/"]}]},{"@type":"ImageObject","inLanguage":"es","@id":"https:\/\/experienciascancun.com\/es\/producto\/tour-isla-contoy\/#primaryimage","url":"https:\/\/experienciascancun.com\/wp-content\/uploads\/2022\/12\/Contoy-Tour-Cancun-1.jpg","contentUrl":"https:\/\/experienciascancun.com\/wp-content\/uploads\/2022\/12\/Contoy-Tour-Cancun-1.jpg","width":1181,"height":788},{"@type":"BreadcrumbList","@id":"https:\/\/experienciascancun.com\/es\/producto\/tour-isla-contoy\/#breadcrumb","itemListElement":[{"@type":"ListItem","position":1,"name":"Home","item":"https:\/\/experienciascancun.com\/es\/"},{"@type":"ListItem","position":2,"name":"Tienda","item":"https:\/\/experienciascancun.com\/es\/tienda\/"},{"@type":"ListItem","position":3,"name":"Parque Natural Contoy"}]},{"@type":"WebSite","@id":"https:\/\/experienciascancun.com\/es\/#website","url":"https:\/\/experienciascancun.com\/es\/","name":"Experiencias Cancun","description":"Private Yacht Rentals \/ Catamaran Tours","publisher":{"@id":"https:\/\/experienciascancun.com\/es\/#organization"},"potentialAction":[{"@type":"SearchAction","target":{"@type":"EntryPoint","urlTemplate":"https:\/\/experienciascancun.com\/es\/?s={search_term_string}"},"query-input":{"@type":"PropertyValueSpecification","valueRequired":true,"valueName":"search_term_string"}}],"inLanguage":"es"},{"@type":"Organization","@id":"https:\/\/experienciascancun.com\/es\/#organization","name":"Experiencias Cancun","url":"https:\/\/experienciascancun.com\/es\/","logo":{"@type":"ImageObject","inLanguage":"es","@id":"https:\/\/experienciascancun.com\/es\/#\/schema\/logo\/image\/","url":"https:\/\/experienciascancun.com\/wp-content\/uploads\/2020\/03\/Logo-Ancla-Experiencias-Cancun.png","contentUrl":"https:\/\/experienciascancun.com\/wp-content\/uploads\/2020\/03\/Logo-Ancla-Experiencias-Cancun.png","width":429,"height":80,"caption":"Experiencias Cancun"},"image":{"@id":"https:\/\/experienciascancun.com\/es\/#\/schema\/logo\/image\/"},"sameAs":["https:\/\/web.facebook.com\/catamaranexperiencecancun","https:\/\/www.instagram.com\/cancun_experiencias\/","https:\/\/www.youtube.com\/c\/CancunCatamaranes\/videos"]}]},"product_price_amount":"2745.25","product_price_currency":"MXN","og_availability":"instock","product_availability":"instock","product_condition":"new"},"_links":{"self":[{"href":"https:\/\/experienciascancun.com\/es\/wp-json\/wp\/v2\/product\/17443","targetHints":{"allow":["GET"]}}],"collection":[{"href":"https:\/\/experienciascancun.com\/es\/wp-json\/wp\/v2\/product"}],"about":[{"href":"https:\/\/experienciascancun.com\/es\/wp-json\/wp\/v2\/types\/product"}],"version-history":[{"count":0,"href":"https:\/\/experienciascancun.com\/es\/wp-json\/wp\/v2\/product\/17443\/revisions"}],"wp:featuredmedia":[{"embeddable":true,"href":"https:\/\/experienciascancun.com\/es\/wp-json\/wp\/v2\/media\/23142"}],"wp:attachment":[{"href":"https:\/\/experienciascancun.com\/es\/wp-json\/wp\/v2\/media?parent=17443"}],"wp:term":[{"taxonomy":"product_brand","embeddable":true,"href":"https:\/\/experienciascancun.com\/es\/wp-json\/wp\/v2\/product_brand?post=17443"},{"taxonomy":"product_cat","embeddable":true,"href":"https:\/\/experienciascancun.com\/es\/wp-json\/wp\/v2\/product_cat?post=17443"},{"taxonomy":"product_tag","embeddable":true,"href":"https:\/\/experienciascancun.com\/es\/wp-json\/wp\/v2\/product_tag?post=17443"}],"curies":[{"name":"wp","href":"https:\/\/api.w.org\/{rel}","templated":true}]}}