{"id":15074,"date":"2022-04-15T16:28:19","date_gmt":"2022-04-15T16:28:19","guid":{"rendered":"https:\/\/experienciascancun.com\/experiencias-cancun-privacy-policy\/"},"modified":"2022-10-07T13:09:11","modified_gmt":"2022-10-07T13:09:11","slug":"politica-de-privacidad-experiencias-cancun","status":"publish","type":"page","link":"https:\/\/experienciascancun.com\/es\/politica-de-privacidad-experiencias-cancun\/","title":{"rendered":"Politica de Privacidad Experiencias Cancun"},"content":{"rendered":"\t\t<div data-elementor-type=\"wp-page\" data-elementor-id=\"15074\" class=\"elementor elementor-15074 elementor-15063\" data-elementor-post-type=\"page\">\n\t\t\t\t\t\t<section class=\"elementor-section elementor-top-section elementor-element elementor-element-eaa031d elementor-section-boxed elementor-section-height-default elementor-section-height-default\" data-id=\"eaa031d\" data-element_type=\"section\" data-settings=\"{&quot;jet_parallax_layout_list&quot;:[]}\">\n\t\t\t\t\t\t<div class=\"elementor-container elementor-column-gap-default\">\n\t\t\t\t\t<div class=\"elementor-column elementor-col-100 elementor-top-column elementor-element elementor-element-4566629\" data-id=\"4566629\" data-element_type=\"column\">\n\t\t\t<div class=\"elementor-widget-wrap elementor-element-populated\">\n\t\t\t\t\t\t<div class=\"elementor-element elementor-element-fec8476 elementor-widget elementor-widget-heading\" data-id=\"fec8476\" data-element_type=\"widget\" data-widget_type=\"heading.default\">\n\t\t\t\t<div class=\"elementor-widget-container\">\n\t\t\t\t\t<h1 class=\"elementor-heading-title elementor-size-default\">Pol\u00edtica de Privacidad Experiencias Cancun\n<\/h1>\t\t\t\t<\/div>\n\t\t\t\t<\/div>\n\t\t\t\t<section class=\"elementor-section elementor-inner-section elementor-element elementor-element-2f9f17e elementor-section-boxed elementor-section-height-default elementor-section-height-default\" data-id=\"2f9f17e\" data-element_type=\"section\" data-settings=\"{&quot;jet_parallax_layout_list&quot;:[]}\">\n\t\t\t\t\t\t<div class=\"elementor-container elementor-column-gap-default\">\n\t\t\t\t\t<div class=\"elementor-column elementor-col-50 elementor-inner-column elementor-element elementor-element-28c5876\" data-id=\"28c5876\" data-element_type=\"column\">\n\t\t\t<div class=\"elementor-widget-wrap elementor-element-populated\">\n\t\t\t\t\t\t<div class=\"elementor-element elementor-element-e598999 elementor-widget elementor-widget-text-editor\" data-id=\"e598999\" data-element_type=\"widget\" data-widget_type=\"text-editor.default\">\n\t\t\t\t<div class=\"elementor-widget-container\">\n\t\t\t\t\t\t\t\t\t<p style=\"text-align: left;\">Esta Pol\u00edtica de privacidad describe c\u00f3mo se recopila, utiliza y comparte su informaci\u00f3n personal cuando visita o hace una compra en el Sitio Web:<\/p><p><strong><a href=\"https:\/\/experienciascancun.com\/\">https:\/\/experienciascancun.com\/<\/a><\/strong><\/p><p><strong>INFORMACI\u00d3N PERSONAL QUE RECOPILAMOS<\/strong><\/p><p>Cuando visita el Sitio, recopilamos autom\u00e1ticamente cierta informaci\u00f3n sobre su dispositivo, incluida informaci\u00f3n sobre su navegador web, direcci\u00f3n IP, zona horaria y algunas de las cookies que est\u00e1n instaladas en su dispositivo. Adem\u00e1s, a medida que navega por el Sitio, recopilamos informaci\u00f3n sobre las p\u00e1ginas web individuales o los productos que ve, las p\u00e1ginas web o los t\u00e9rminos de b\u00fasqueda que lo remitieron al Sitio e informaci\u00f3n sobre c\u00f3mo interact\u00faa usted con el Sitio. Nos referimos a esta informaci\u00f3n recopilada autom\u00e1ticamente como \u201cInformaci\u00f3n del dispositivo\u201d a trav\u00e9s de tecnolog\u00edas de seguimiento o cookies.<\/p><p>Adem\u00e1s, cuando hace una compra o registro a trav\u00e9s del Sitio Web, recopilamos cierta informaci\u00f3n de usted, entre la que se incluye su nombre, direcci\u00f3n, informaci\u00f3n de pago a trav\u00e9s de PayPal, direcci\u00f3n de correo electr\u00f3nico y n\u00famero de tel\u00e9fono.<span class=\"Apple-converted-space\">\u00a0 <\/span>Nos referimos a esta informaci\u00f3n como \u201cInformaci\u00f3n del cliente\u201d.<\/p><p>Cuando hablamos de \u201cInformaci\u00f3n personal\u201d en la presente Pol\u00edtica de privacidad, nos referimos tanto a la Informaci\u00f3n del dispositivo como a la Informaci\u00f3n del cliente.<\/p><p><strong>\u00bfC\u00d3MO UTILIZAMOS SU INFORMACI\u00d3N PERSONAL?<\/strong><\/p><p>Usamos la Informaci\u00f3n del cliente que recopilamos para organizar el servicio contratado con nuestros socios y colaboradores (incluido el transporte, informaci\u00f3n de pago, facturaci\u00f3n, confirmaci\u00f3n de la reserva). Adem\u00e1s, utilizamos esta Informaci\u00f3n del cliente para comunicarnos con usted, asistirle en el proceso de compra, y guiarle en su viaje; y cuando de acuerdo con las preferencias que usted comparti\u00f3 con nosotros, le proporcionamos informaci\u00f3n o publicidad relacionada con nuestros servicios.<\/p><p>Utilizamos la Informaci\u00f3n del dispositivo que recopilamos para ayudarnos a detectar posibles riesgos y fraudes y, en general, para mejorar y optimizar nuestro Sitio Web (al generar informes y estad\u00edsticas sobre c\u00f3mo nuestros clientes navegan e interact\u00faan con el Sitio y para evaluar el \u00e9xito de nuestras campa\u00f1as publicitarias y de marketing).<\/p><p><strong>COMPARTIR SU INFORMACI\u00d3N PERSONAL<\/strong><\/p><p>Compartimos su Informaci\u00f3n personal con terceros para que nos ayuden a utilizar su Informaci\u00f3n personal, tal como se describi\u00f3 anteriormente.<span class=\"Apple-converted-space\">\u00a0 <\/span>Por ejemplo, a trav\u00e9s de Google Analytics y Facebook para ayudarnos a comprender c\u00f3mo usan nuestros clientes el Sitio Web. Para proporcionarle anuncios publicitarios dirigidos o comunicaciones de marketing que creemos que pueden ser de su inter\u00e9s.<span class=\"Apple-converted-space\">\u00a0<\/span><\/p><p style=\"text-align: left;\">Para m\u00e1s informaci\u00f3n sobre c\u00f3mo funciona la publicidad dirigida, puede visitar la p\u00e1gina educativa de la Iniciativa Publicitaria en la Red (NAI) en\u00a0<a href=\"https:\/\/www.networkadvertising.org\/understanding-online-advertising\/how-does-it-work.\" target=\"_blank\" rel=\"noopener\">https:\/\/www.networkadvertising.org\/understanding-online-advertising\/how-does-it-work.<\/a><\/p>\t\t\t\t\t\t\t\t<\/div>\n\t\t\t\t<\/div>\n\t\t\t\t\t<\/div>\n\t\t<\/div>\n\t\t\t\t<div class=\"elementor-column elementor-col-50 elementor-inner-column elementor-element elementor-element-3fb0b15\" data-id=\"3fb0b15\" data-element_type=\"column\">\n\t\t\t<div class=\"elementor-widget-wrap elementor-element-populated\">\n\t\t\t\t\t\t<div class=\"elementor-element elementor-element-0d8f1c3 elementor-widget elementor-widget-text-editor\" data-id=\"0d8f1c3\" data-element_type=\"widget\" data-widget_type=\"text-editor.default\">\n\t\t\t\t<div class=\"elementor-widget-container\">\n\t\t\t\t\t\t\t\t\t<p>Puede darse de baja de la publicidad dirigida mediante los siguientes enlaces:<\/p><p>FACEBOOK: <a href=\"https:\/\/www.facebook.com\/settings\/?tab=ads\" target=\"_blank\" rel=\"noopener\">https:\/\/www.facebook.com\/settings\/?tab=ads<\/a><\/p><p>GOOGLE: <a href=\"https:\/\/adssettings.google.com\/authenticated?hl=es\" target=\"_blank\" rel=\"noopener\">https:\/\/adssettings.google.com\/authenticated?hl=es<\/a><\/p><p><span class=\"Apple-converted-space\">\u00a0 \u00a0<\/span>Adem\u00e1s, puede darse de baja de algunos de estos servicios visitando el portal de exclusi\u00f3n voluntaria de Digital Advertising Alliance en: <a href=\"https:\/\/optout.aboutads.info\/?c=4&amp;lang=es\" target=\"_blank\" rel=\"noopener\">https:\/\/optout.aboutads.info\/?c=4&amp;lang=es<\/a><\/p><p>Finalmente, tambi\u00e9n podemos compartir su Informaci\u00f3n personal para cumplir con las leyes y regulaciones aplicables, para responder a una citaci\u00f3n, orden de registro u otra solicitud legal de informaci\u00f3n que recibamos, o para proteger nuestros derechos.<\/p><p><strong>NO RASTREAR<\/strong><\/p><p>Tenga en cuenta que no alteramos las pr\u00e1cticas de recopilaci\u00f3n y uso de datos de nuestro Sitio cuando vemos una se\u00f1al de No rastrear desde su navegador.<\/p><p>Si usted es un residente europeo, tiene derecho a acceder a la informaci\u00f3n personal que tenemos sobre usted y a solicitar que su informaci\u00f3n personal sea corregida, actualizada o eliminada. Si desea ejercer este derecho, comun\u00edquese con nosotros a trav\u00e9s de la informaci\u00f3n de contacto que se encuentra a continuaci\u00f3n: info@experienciascancun.com<\/p><p>Adem\u00e1s, si usted es un residente europeo, tenemos en cuenta que estamos procesando su informaci\u00f3n para cumplir con los contratos que podamos tener con usted (por ejemplo, si realiza un pedido a trav\u00e9s del Sitio) o para perseguir nuestros intereses comerciales leg\u00edtimos enumerados anteriormente.<span class=\"Apple-converted-space\">\u00a0 <\/span>Adem\u00e1s, tenga en cuenta que su informaci\u00f3n se transferir\u00e1 fuera de Europa.<\/p><p><strong>RETENCI\u00d3N DE DATOS<\/strong><\/p><p>Cuando realiza un pedido a trav\u00e9s del Sitio, mantendremos su Informaci\u00f3n del pedido para nuestros registros a menos que nos pida que eliminemos esta informaci\u00f3n.<\/p><p><strong>MENORES<\/strong><\/p><p>El sitio no est\u00e1 destinado a personas menores de 18 a\u00f1os.<\/p><p><strong>CAMBIOS<\/strong><\/p><p>Podemos actualizar esta pol\u00edtica de privacidad peri\u00f3dicamente para reflejar, por ejemplo, cambios en nuestras pr\u00e1cticas o por otros motivos operativos, legales o reglamentarios.<\/p><p><strong>CONT\u00c1CTENOS<\/strong><\/p><p>Para obtener m\u00e1s informaci\u00f3n sobre nuestras pr\u00e1cticas de privacidad, si tiene alguna pregunta o si desea presentar una queja, cont\u00e1ctenos por correo electr\u00f3nico a info@experienciascancun.com o por correo mediante el uso de la informaci\u00f3n que se proporciona a continuaci\u00f3n:\u00a0Boulevard Kukulkan km 6, Cancun, Q ROO, 77500, M\u00e9xico<\/p>\t\t\t\t\t\t\t\t<\/div>\n\t\t\t\t<\/div>\n\t\t\t\t\t<\/div>\n\t\t<\/div>\n\t\t\t\t\t<\/div>\n\t\t<\/section>\n\t\t\t\t\t<\/div>\n\t\t<\/div>\n\t\t\t\t\t<\/div>\n\t\t<\/section>\n\t\t\t\t<\/div>\n\t\t","protected":false},"excerpt":{"rendered":"<p>Pol\u00edtica de Privacidad Experiencias Cancun Esta Pol\u00edtica de privacidad describe c\u00f3mo se recopila, utiliza y comparte su informaci\u00f3n personal cuando visita o hace una compra en el Sitio Web: https:\/\/experienciascancun.com\/ INFORMACI\u00d3N PERSONAL QUE RECOPILAMOS Cuando visita el Sitio, recopilamos autom\u00e1ticamente cierta informaci\u00f3n sobre su dispositivo, incluida informaci\u00f3n sobre su navegador web, direcci\u00f3n IP, zona horaria [&hellip;]<\/p>\n","protected":false},"author":2,"featured_media":0,"parent":0,"menu_order":0,"comment_status":"closed","ping_status":"closed","template":"elementor_header_footer","meta":{"_acf_changed":false,"footnotes":""},"class_list":["post-15074","page","type-page","status-publish","hentry"],"acf":[],"yoast_head":"<!-- This site is optimized with the Yoast SEO Premium plugin v20.10 (Yoast SEO v23.7) - https:\/\/yoast.com\/wordpress\/plugins\/seo\/ -->\n<title>Politica de Privacidad Experiencias Cancun - Experiencias Cancun<\/title>\n<meta name=\"description\" content=\"Esta Pol\u00edtica de privacidad describe c\u00f3mo se recopila, utiliza y comparte su informaci\u00f3n personal cuando visita o hace una compra en nuestro Sitio Web.\" \/>\n<meta name=\"robots\" content=\"index, follow, max-snippet:-1, max-image-preview:large, max-video-preview:-1\" \/>\n<link rel=\"canonical\" href=\"https:\/\/experienciascancun.com\/es\/politica-de-privacidad-experiencias-cancun\/\" \/>\n<meta property=\"og:locale\" content=\"es_ES\" \/>\n<meta property=\"og:type\" content=\"article\" \/>\n<meta property=\"og:title\" content=\"Politica de Privacidad Experiencias Cancun\" \/>\n<meta property=\"og:description\" content=\"Esta Pol\u00edtica de privacidad describe c\u00f3mo se recopila, utiliza y comparte su informaci\u00f3n personal cuando visita o hace una compra en nuestro Sitio Web.\" \/>\n<meta property=\"og:url\" content=\"https:\/\/experienciascancun.com\/es\/politica-de-privacidad-experiencias-cancun\/\" \/>\n<meta property=\"og:site_name\" content=\"Experiencias Cancun\" \/>\n<meta property=\"article:publisher\" content=\"https:\/\/web.facebook.com\/catamaranexperiencecancun\" \/>\n<meta property=\"article:modified_time\" content=\"2022-10-07T13:09:11+00:00\" \/>\n<meta name=\"twitter:card\" content=\"summary_large_image\" \/>\n<meta name=\"twitter:label1\" content=\"Tiempo de lectura\" \/>\n\t<meta name=\"twitter:data1\" content=\"4 minutos\" \/>\n<script type=\"application\/ld+json\" class=\"yoast-schema-graph\">{\"@context\":\"https:\/\/schema.org\",\"@graph\":[{\"@type\":\"WebPage\",\"@id\":\"https:\/\/experienciascancun.com\/es\/politica-de-privacidad-experiencias-cancun\/\",\"url\":\"https:\/\/experienciascancun.com\/es\/politica-de-privacidad-experiencias-cancun\/\",\"name\":\"Politica de Privacidad Experiencias Cancun - Experiencias Cancun\",\"isPartOf\":{\"@id\":\"https:\/\/experienciascancun.com\/es\/#website\"},\"datePublished\":\"2022-04-15T16:28:19+00:00\",\"dateModified\":\"2022-10-07T13:09:11+00:00\",\"description\":\"Esta Pol\u00edtica de privacidad describe c\u00f3mo se recopila, utiliza y comparte su informaci\u00f3n personal cuando visita o hace una compra en nuestro Sitio Web.\",\"breadcrumb\":{\"@id\":\"https:\/\/experienciascancun.com\/es\/politica-de-privacidad-experiencias-cancun\/#breadcrumb\"},\"inLanguage\":\"es\",\"potentialAction\":[{\"@type\":\"ReadAction\",\"target\":[\"https:\/\/experienciascancun.com\/es\/politica-de-privacidad-experiencias-cancun\/\"]}]},{\"@type\":\"BreadcrumbList\",\"@id\":\"https:\/\/experienciascancun.com\/es\/politica-de-privacidad-experiencias-cancun\/#breadcrumb\",\"itemListElement\":[{\"@type\":\"ListItem\",\"position\":1,\"name\":\"Home\",\"item\":\"https:\/\/experienciascancun.com\/es\/\"},{\"@type\":\"ListItem\",\"position\":2,\"name\":\"Politica de Privacidad Experiencias Cancun\"}]},{\"@type\":\"WebSite\",\"@id\":\"https:\/\/experienciascancun.com\/es\/#website\",\"url\":\"https:\/\/experienciascancun.com\/es\/\",\"name\":\"Experiencias Cancun\",\"description\":\"Private Yacht Rentals \/ Catamaran Tours\",\"publisher\":{\"@id\":\"https:\/\/experienciascancun.com\/es\/#organization\"},\"potentialAction\":[{\"@type\":\"SearchAction\",\"target\":{\"@type\":\"EntryPoint\",\"urlTemplate\":\"https:\/\/experienciascancun.com\/es\/?s={search_term_string}\"},\"query-input\":{\"@type\":\"PropertyValueSpecification\",\"valueRequired\":true,\"valueName\":\"search_term_string\"}}],\"inLanguage\":\"es\"},{\"@type\":\"Organization\",\"@id\":\"https:\/\/experienciascancun.com\/es\/#organization\",\"name\":\"Experiencias Cancun\",\"url\":\"https:\/\/experienciascancun.com\/es\/\",\"logo\":{\"@type\":\"ImageObject\",\"inLanguage\":\"es\",\"@id\":\"https:\/\/experienciascancun.com\/es\/#\/schema\/logo\/image\/\",\"url\":\"https:\/\/experienciascancun.com\/wp-content\/uploads\/2020\/03\/Logo-Ancla-Experiencias-Cancun.png\",\"contentUrl\":\"https:\/\/experienciascancun.com\/wp-content\/uploads\/2020\/03\/Logo-Ancla-Experiencias-Cancun.png\",\"width\":429,\"height\":80,\"caption\":\"Experiencias Cancun\"},\"image\":{\"@id\":\"https:\/\/experienciascancun.com\/es\/#\/schema\/logo\/image\/\"},\"sameAs\":[\"https:\/\/web.facebook.com\/catamaranexperiencecancun\",\"https:\/\/www.instagram.com\/cancun_experiencias\/\",\"https:\/\/www.youtube.com\/c\/CancunCatamaranes\/videos\"]}]}<\/script>\n<!-- \/ Yoast SEO Premium plugin. -->","yoast_head_json":{"title":"Politica de Privacidad Experiencias Cancun - Experiencias Cancun","description":"Esta Pol\u00edtica de privacidad describe c\u00f3mo se recopila, utiliza y comparte su informaci\u00f3n personal cuando visita o hace una compra en nuestro Sitio Web.","robots":{"index":"index","follow":"follow","max-snippet":"max-snippet:-1","max-image-preview":"max-image-preview:large","max-video-preview":"max-video-preview:-1"},"canonical":"https:\/\/experienciascancun.com\/es\/politica-de-privacidad-experiencias-cancun\/","og_locale":"es_ES","og_type":"article","og_title":"Politica de Privacidad Experiencias Cancun","og_description":"Esta Pol\u00edtica de privacidad describe c\u00f3mo se recopila, utiliza y comparte su informaci\u00f3n personal cuando visita o hace una compra en nuestro Sitio Web.","og_url":"https:\/\/experienciascancun.com\/es\/politica-de-privacidad-experiencias-cancun\/","og_site_name":"Experiencias Cancun","article_publisher":"https:\/\/web.facebook.com\/catamaranexperiencecancun","article_modified_time":"2022-10-07T13:09:11+00:00","twitter_card":"summary_large_image","twitter_misc":{"Tiempo de lectura":"4 minutos"},"schema":{"@context":"https:\/\/schema.org","@graph":[{"@type":"WebPage","@id":"https:\/\/experienciascancun.com\/es\/politica-de-privacidad-experiencias-cancun\/","url":"https:\/\/experienciascancun.com\/es\/politica-de-privacidad-experiencias-cancun\/","name":"Politica de Privacidad Experiencias Cancun - Experiencias Cancun","isPartOf":{"@id":"https:\/\/experienciascancun.com\/es\/#website"},"datePublished":"2022-04-15T16:28:19+00:00","dateModified":"2022-10-07T13:09:11+00:00","description":"Esta Pol\u00edtica de privacidad describe c\u00f3mo se recopila, utiliza y comparte su informaci\u00f3n personal cuando visita o hace una compra en nuestro Sitio Web.","breadcrumb":{"@id":"https:\/\/experienciascancun.com\/es\/politica-de-privacidad-experiencias-cancun\/#breadcrumb"},"inLanguage":"es","potentialAction":[{"@type":"ReadAction","target":["https:\/\/experienciascancun.com\/es\/politica-de-privacidad-experiencias-cancun\/"]}]},{"@type":"BreadcrumbList","@id":"https:\/\/experienciascancun.com\/es\/politica-de-privacidad-experiencias-cancun\/#breadcrumb","itemListElement":[{"@type":"ListItem","position":1,"name":"Home","item":"https:\/\/experienciascancun.com\/es\/"},{"@type":"ListItem","position":2,"name":"Politica de Privacidad Experiencias Cancun"}]},{"@type":"WebSite","@id":"https:\/\/experienciascancun.com\/es\/#website","url":"https:\/\/experienciascancun.com\/es\/","name":"Experiencias Cancun","description":"Private Yacht Rentals \/ Catamaran Tours","publisher":{"@id":"https:\/\/experienciascancun.com\/es\/#organization"},"potentialAction":[{"@type":"SearchAction","target":{"@type":"EntryPoint","urlTemplate":"https:\/\/experienciascancun.com\/es\/?s={search_term_string}"},"query-input":{"@type":"PropertyValueSpecification","valueRequired":true,"valueName":"search_term_string"}}],"inLanguage":"es"},{"@type":"Organization","@id":"https:\/\/experienciascancun.com\/es\/#organization","name":"Experiencias Cancun","url":"https:\/\/experienciascancun.com\/es\/","logo":{"@type":"ImageObject","inLanguage":"es","@id":"https:\/\/experienciascancun.com\/es\/#\/schema\/logo\/image\/","url":"https:\/\/experienciascancun.com\/wp-content\/uploads\/2020\/03\/Logo-Ancla-Experiencias-Cancun.png","contentUrl":"https:\/\/experienciascancun.com\/wp-content\/uploads\/2020\/03\/Logo-Ancla-Experiencias-Cancun.png","width":429,"height":80,"caption":"Experiencias Cancun"},"image":{"@id":"https:\/\/experienciascancun.com\/es\/#\/schema\/logo\/image\/"},"sameAs":["https:\/\/web.facebook.com\/catamaranexperiencecancun","https:\/\/www.instagram.com\/cancun_experiencias\/","https:\/\/www.youtube.com\/c\/CancunCatamaranes\/videos"]}]}},"_links":{"self":[{"href":"https:\/\/experienciascancun.com\/es\/wp-json\/wp\/v2\/pages\/15074","targetHints":{"allow":["GET"]}}],"collection":[{"href":"https:\/\/experienciascancun.com\/es\/wp-json\/wp\/v2\/pages"}],"about":[{"href":"https:\/\/experienciascancun.com\/es\/wp-json\/wp\/v2\/types\/page"}],"author":[{"embeddable":true,"href":"https:\/\/experienciascancun.com\/es\/wp-json\/wp\/v2\/users\/2"}],"replies":[{"embeddable":true,"href":"https:\/\/experienciascancun.com\/es\/wp-json\/wp\/v2\/comments?post=15074"}],"version-history":[{"count":0,"href":"https:\/\/experienciascancun.com\/es\/wp-json\/wp\/v2\/pages\/15074\/revisions"}],"wp:attachment":[{"href":"https:\/\/experienciascancun.com\/es\/wp-json\/wp\/v2\/media?parent=15074"}],"curies":[{"name":"wp","href":"https:\/\/api.w.org\/{rel}","templated":true}]}}